{"id":3181,"date":"2023-01-17T18:08:08","date_gmt":"2023-01-17T17:08:08","guid":{"rendered":"https:\/\/akeoplus.com\/?page_id=3181"},"modified":"2025-01-22T16:50:50","modified_gmt":"2025-01-22T15:50:50","slug":"legal","status":"publish","type":"page","link":"https:\/\/akeoplus.com\/fr\/legal\/","title":{"rendered":"Mentions l\u00e9gales"},"content":{"rendered":"<h2>Mentions l\u00e9gales<\/h2>\n<h2>IDENTIT\u00c9 DE L'ENTREPRISE<\/h2>\n<p>Nom entreprise <em>AKEO PLUS<\/em><\/p>\n<p>Forme juridique : SAS (Soci\u00e9t\u00e9 par Actions Simplifi\u00e9es)<\/p>\n<p>Capital social : 33 050 euros<\/p>\n<p>Si\u00e8ge social : <em>769 rue de l&#8217;Outarde, 01500, Ch\u00e2teau-Gaillard, France<\/em><\/p>\n<h2>TVA<\/h2>\n<p>Num\u00e9ro d'identification TVA : FR44491538716<\/p>\n<h2>CONTACT<\/h2>\n<p>Adresse mail : info@akeoplus.com<\/p>\n<p>Num\u00e9ro de t\u00e9l\u00e9phone : +33 (0)4 74 35 60 72<\/p>\n<h2>HEBERGEMENT DES DONN\u00c9ES<\/h2>\n<p>Le site akeoplus.com est h\u00e9berg\u00e9 par : OVH, ayant son si\u00e8ge social \u00e0 l'adresse suivante :\u00a0<em>2 rue Kellermann &#8211; 59100 Roubaix &#8211; France<\/em><\/p>\n<p>L'h\u00e9bergeur peut-\u00eatre contact\u00e9 au num\u00e9ro de t\u00e9l\u00e9phone suivant : <em>+33 9 72 10 10 07.<\/em><\/p>\n<p>Les donn\u00e9es collect\u00e9es et trait\u00e9es par le site sont exclusivement h\u00e9berg\u00e9es et trait\u00e9es en France.<\/p>\n<h2>CONDITIONS GENERALES D'AFFAIRES<\/h2>\n<p>Nos termes et conditions : <a href=\"https:\/\/akeoplus.com\/wp-content\/uploads\/2025\/01\/CGV-AKEO-2025.pdf\" target=\"_blank\" rel=\"noopener\">ici<\/a><\/p>\n<h2>DROITS DE PROPRI\u00c9T\u00c9 INTELLECTUELLE<\/h2>\n<p>AKEO PLUS a cr\u00e9\u00e9 ce site pour l'information personnelle de ses utilisateurs. Aucune exploitation commerciale m\u00eame partielle des donn\u00e9es qui y sont pr\u00e9sent\u00e9es ne pourra \u00eatre effectu\u00e9e sans l'accord pr\u00e9alable et \u00e9crit d'AKEO PLUS.<br \/>\nLa pr\u00e9sentation et le contenu du site pr\u00e9sent constituent, ensemble, une \u0153uvre prot\u00e9g\u00e9e par les lois en vigueur sur la propri\u00e9t\u00e9 intellectuelle, dont AKEO PLUS est titulaire. Aucune reproduction et\/ou repr\u00e9sentation, partielle ou int\u00e9grale, ne pourra en \u00eatre faite sans l'accord pr\u00e9alable et \u00e9crit d'AKEO PLUS.<br \/>\nLe nom AKEO PLUS est une appellation usuelle partag\u00e9e avec nos clients et partenaires. Les noms AKEOBOT, AkeoBI, AKEOSPINE, les logos et les slogans sont, sauf indication contraire, des marques d\u00e9pos\u00e9es d'AKEO PLUS. Toute reproduction, utilisation et\/ou modification de celles-ci sans l'accord pr\u00e9alable et \u00e9crit d'AKEO PLUS est susceptible d'en constituer la contrefa\u00e7on.<br \/>\nLes dessins, photographies, images, textes, s\u00e9quences anim\u00e9es sonores ou non, et autres documentations repr\u00e9sent\u00e9s sur le pr\u00e9sent site internet sont objets de droits de propri\u00e9t\u00e9 industrielle et\/ou intellectuelle et sont selon les cas, propri\u00e9t\u00e9 d'AKEO PLUS ou de tiers ayant autoris\u00e9 limitativement AKEO PLUS \u00e0 les utiliser.<br \/>\n\u00c0 ce titre, toute reproduction, repr\u00e9sentation, adaptation, traduction, et\/ou transformation, partielles ou int\u00e9grales, ou transfert sur un autre site sont interdits.<br \/>\nLa copie \u00e0 usage priv\u00e9 de ces diff\u00e9rents objets de droits est autoris\u00e9e. Leur reproduction partielle ou int\u00e9grale, sans l\u2019accord pr\u00e9alable et \u00e9crit d\u2019AKEO PLUS est strictement interdite, \u00e0 l\u2019exception de celle r\u00e9alis\u00e9e pour les besoins de la presse.<\/p>\n<h2>REALISATION DU SITE WEB<\/h2>\n<p>Conception et design du site web par : <a href=\"https:\/\/www.terros.io\/\">Terros<\/a> agency:\u00a040 <em>Rue de Li\u00e8ge, 75008 Paris, France.<\/em><\/p>\n<p>Contenu et images par AKEOPLUS.<\/p>\n<h2>CR\u00c9DITS<\/h2>\n<p>Graphiques et photographies : <em>AKEOPLUS, Maxime MOTISI, Coralie RAVENOT,\u00a0UNICEF \/ Dhiraj Singh,\u00a0Mat Napo \/ Unsplash,\u00a0Reimund Bertrams \/ Pixabay,\u00a0Rob Lambert,\u00a0Starline \/ Freepick,\u00a0fuyu liu \/ shutterstock<\/em><\/p>","protected":false},"excerpt":{"rendered":"<p>Legal COMPANY IDENTITY Company name: AKEO PLUS Legal form: Simplified Joint Stock Company (Soci\u00e9t\u00e9 par actions simplifi\u00e9es) Share capital: 33 050 euros Headquarters address: 769 rue de l&#8217;Outarde, 01500, Ch\u00e2teau-Gaillard, France VAT VAT identification number: FR44491538716 CONTACTS Email address : info@akeoplus.com Telephone number : +33 (0)4 74 35 60 72 DATA HOSTING The akeoplus.com website &hellip;<\/p>\n<p class=\"read-more\"> <a class=\"\" href=\"https:\/\/akeoplus.com\/fr\/legal\/\"> <span class=\"screen-reader-text\">Mentions l\u00e9gales<\/span> Lire la suite \u00bb<\/a><\/p>","protected":false},"author":1,"featured_media":0,"parent":0,"menu_order":0,"comment_status":"closed","ping_status":"closed","template":"","meta":{"site-sidebar-layout":"default","site-content-layout":"default","ast-global-header-display":"","ast-main-header-display":"","ast-hfb-above-header-display":"","ast-hfb-below-header-display":"","ast-hfb-mobile-header-display":"","site-post-title":"disabled","ast-breadcrumbs-content":"","ast-featured-img":"","footer-sml-layout":"","theme-transparent-header-meta":"","adv-header-id-meta":"","stick-header-meta":"","header-above-stick-meta":"","header-main-stick-meta":"","header-below-stick-meta":"","footnotes":""},"class_list":["post-3181","page","type-page","status-publish","hentry"],"yoast_head":"<!-- This site is optimized with the Yoast SEO plugin v27.4 - https:\/\/yoast.com\/product\/yoast-seo-wordpress\/ -->\n<title>Legal - AKEOPLUS<\/title>\n<meta name=\"robots\" content=\"index, follow, max-snippet:-1, max-image-preview:large, max-video-preview:-1\" \/>\n<link rel=\"canonical\" href=\"https:\/\/akeoplus.com\/fr\/legal\/\" \/>\n<meta property=\"og:locale\" content=\"fr_FR\" \/>\n<meta property=\"og:type\" content=\"article\" \/>\n<meta property=\"og:title\" content=\"Legal - AKEOPLUS\" \/>\n<meta property=\"og:description\" content=\"Legal COMPANY IDENTITY Company name: AKEO PLUS Legal form: Simplified Joint Stock Company (Soci\u00e9t\u00e9 par actions simplifi\u00e9es) Share capital: 33 050 euros Headquarters address: 769 rue de l&#8217;Outarde, 01500, Ch\u00e2teau-Gaillard, France VAT VAT identification number: FR44491538716 CONTACTS Email address : info@akeoplus.com Telephone number : +33 (0)4 74 35 60 72 DATA HOSTING The akeoplus.com website &hellip; Legal Lire la suite\u00a0\u00bb\" \/>\n<meta property=\"og:url\" content=\"https:\/\/akeoplus.com\/fr\/legal\/\" \/>\n<meta property=\"og:site_name\" content=\"AKEOPLUS\" \/>\n<meta property=\"article:modified_time\" content=\"2025-01-22T15:50:50+00:00\" \/>\n<meta name=\"twitter:card\" content=\"summary_large_image\" \/>\n<meta name=\"twitter:site\" content=\"@akeoplus\" \/>\n<meta name=\"twitter:label1\" content=\"Dur\u00e9e de lecture estim\u00e9e\" \/>\n\t<meta name=\"twitter:data1\" content=\"3 minutes\" \/>\n<script type=\"application\/ld+json\" class=\"yoast-schema-graph\">{\"@context\":\"https:\\\/\\\/schema.org\",\"@graph\":[{\"@type\":\"WebPage\",\"@id\":\"https:\\\/\\\/akeoplus.com\\\/legal\\\/\",\"url\":\"https:\\\/\\\/akeoplus.com\\\/legal\\\/\",\"name\":\"Legal - AKEOPLUS\",\"isPartOf\":{\"@id\":\"https:\\\/\\\/akeoplus.com\\\/#website\"},\"datePublished\":\"2023-01-17T17:08:08+00:00\",\"dateModified\":\"2025-01-22T15:50:50+00:00\",\"breadcrumb\":{\"@id\":\"https:\\\/\\\/akeoplus.com\\\/legal\\\/#breadcrumb\"},\"inLanguage\":\"fr-FR\",\"potentialAction\":[{\"@type\":\"ReadAction\",\"target\":[\"https:\\\/\\\/akeoplus.com\\\/legal\\\/\"]}]},{\"@type\":\"BreadcrumbList\",\"@id\":\"https:\\\/\\\/akeoplus.com\\\/legal\\\/#breadcrumb\",\"itemListElement\":[{\"@type\":\"ListItem\",\"position\":1,\"name\":\"Accueil\",\"item\":\"https:\\\/\\\/akeoplus.com\\\/\"},{\"@type\":\"ListItem\",\"position\":2,\"name\":\"Legal\"}]},{\"@type\":\"WebSite\",\"@id\":\"https:\\\/\\\/akeoplus.com\\\/#website\",\"url\":\"https:\\\/\\\/akeoplus.com\\\/\",\"name\":\"AKEOPLUS\",\"description\":\"Robotics and Innovation : studies, engineering and prototyping\",\"publisher\":{\"@id\":\"https:\\\/\\\/akeoplus.com\\\/#organization\"},\"potentialAction\":[{\"@type\":\"SearchAction\",\"target\":{\"@type\":\"EntryPoint\",\"urlTemplate\":\"https:\\\/\\\/akeoplus.com\\\/?s={search_term_string}\"},\"query-input\":{\"@type\":\"PropertyValueSpecification\",\"valueRequired\":true,\"valueName\":\"search_term_string\"}}],\"inLanguage\":\"fr-FR\"},{\"@type\":\"Organization\",\"@id\":\"https:\\\/\\\/akeoplus.com\\\/#organization\",\"name\":\"AKEOPLUS\",\"url\":\"https:\\\/\\\/akeoplus.com\\\/\",\"logo\":{\"@type\":\"ImageObject\",\"inLanguage\":\"fr-FR\",\"@id\":\"https:\\\/\\\/akeoplus.com\\\/#\\\/schema\\\/logo\\\/image\\\/\",\"url\":\"https:\\\/\\\/akeoplus.com\\\/wp-content\\\/uploads\\\/2022\\\/07\\\/cropped-logo.png\",\"contentUrl\":\"https:\\\/\\\/akeoplus.com\\\/wp-content\\\/uploads\\\/2022\\\/07\\\/cropped-logo.png\",\"width\":984,\"height\":328,\"caption\":\"AKEOPLUS\"},\"image\":{\"@id\":\"https:\\\/\\\/akeoplus.com\\\/#\\\/schema\\\/logo\\\/image\\\/\"},\"sameAs\":[\"https:\\\/\\\/x.com\\\/akeoplus\",\"https:\\\/\\\/www.linkedin.com\\\/company\\\/akeoplus\\\/?originalSubdomain=fr\",\"https:\\\/\\\/www.youtube.com\\\/user\\\/akeoplus\\\/videos\"]}]}<\/script>\n<!-- \/ Yoast SEO plugin. -->","yoast_head_json":{"title":"Legal - AKEOPLUS","robots":{"index":"index","follow":"follow","max-snippet":"max-snippet:-1","max-image-preview":"max-image-preview:large","max-video-preview":"max-video-preview:-1"},"canonical":"https:\/\/akeoplus.com\/fr\/legal\/","og_locale":"fr_FR","og_type":"article","og_title":"Legal - AKEOPLUS","og_description":"Legal COMPANY IDENTITY Company name: AKEO PLUS Legal form: Simplified Joint Stock Company (Soci\u00e9t\u00e9 par actions simplifi\u00e9es) Share capital: 33 050 euros Headquarters address: 769 rue de l&#8217;Outarde, 01500, Ch\u00e2teau-Gaillard, France VAT VAT identification number: FR44491538716 CONTACTS Email address : info@akeoplus.com Telephone number : +33 (0)4 74 35 60 72 DATA HOSTING The akeoplus.com website &hellip; Legal Lire la suite\u00a0\u00bb","og_url":"https:\/\/akeoplus.com\/fr\/legal\/","og_site_name":"AKEOPLUS","article_modified_time":"2025-01-22T15:50:50+00:00","twitter_card":"summary_large_image","twitter_site":"@akeoplus","twitter_misc":{"Dur\u00e9e de lecture estim\u00e9e":"3 minutes"},"schema":{"@context":"https:\/\/schema.org","@graph":[{"@type":"WebPage","@id":"https:\/\/akeoplus.com\/legal\/","url":"https:\/\/akeoplus.com\/legal\/","name":"Legal - AKEOPLUS","isPartOf":{"@id":"https:\/\/akeoplus.com\/#website"},"datePublished":"2023-01-17T17:08:08+00:00","dateModified":"2025-01-22T15:50:50+00:00","breadcrumb":{"@id":"https:\/\/akeoplus.com\/legal\/#breadcrumb"},"inLanguage":"fr-FR","potentialAction":[{"@type":"ReadAction","target":["https:\/\/akeoplus.com\/legal\/"]}]},{"@type":"BreadcrumbList","@id":"https:\/\/akeoplus.com\/legal\/#breadcrumb","itemListElement":[{"@type":"ListItem","position":1,"name":"Accueil","item":"https:\/\/akeoplus.com\/"},{"@type":"ListItem","position":2,"name":"Legal"}]},{"@type":"WebSite","@id":"https:\/\/akeoplus.com\/#website","url":"https:\/\/akeoplus.com\/","name":"AKEOPLUS","description":"Robotics and Innovation : studies, engineering and prototyping","publisher":{"@id":"https:\/\/akeoplus.com\/#organization"},"potentialAction":[{"@type":"SearchAction","target":{"@type":"EntryPoint","urlTemplate":"https:\/\/akeoplus.com\/?s={search_term_string}"},"query-input":{"@type":"PropertyValueSpecification","valueRequired":true,"valueName":"search_term_string"}}],"inLanguage":"fr-FR"},{"@type":"Organization","@id":"https:\/\/akeoplus.com\/#organization","name":"AKEOPLUS","url":"https:\/\/akeoplus.com\/","logo":{"@type":"ImageObject","inLanguage":"fr-FR","@id":"https:\/\/akeoplus.com\/#\/schema\/logo\/image\/","url":"https:\/\/akeoplus.com\/wp-content\/uploads\/2022\/07\/cropped-logo.png","contentUrl":"https:\/\/akeoplus.com\/wp-content\/uploads\/2022\/07\/cropped-logo.png","width":984,"height":328,"caption":"AKEOPLUS"},"image":{"@id":"https:\/\/akeoplus.com\/#\/schema\/logo\/image\/"},"sameAs":["https:\/\/x.com\/akeoplus","https:\/\/www.linkedin.com\/company\/akeoplus\/?originalSubdomain=fr","https:\/\/www.youtube.com\/user\/akeoplus\/videos"]}]}},"_links":{"self":[{"href":"https:\/\/akeoplus.com\/fr\/wp-json\/wp\/v2\/pages\/3181","targetHints":{"allow":["GET"]}}],"collection":[{"href":"https:\/\/akeoplus.com\/fr\/wp-json\/wp\/v2\/pages"}],"about":[{"href":"https:\/\/akeoplus.com\/fr\/wp-json\/wp\/v2\/types\/page"}],"author":[{"embeddable":true,"href":"https:\/\/akeoplus.com\/fr\/wp-json\/wp\/v2\/users\/1"}],"replies":[{"embeddable":true,"href":"https:\/\/akeoplus.com\/fr\/wp-json\/wp\/v2\/comments?post=3181"}],"version-history":[{"count":15,"href":"https:\/\/akeoplus.com\/fr\/wp-json\/wp\/v2\/pages\/3181\/revisions"}],"predecessor-version":[{"id":4536,"href":"https:\/\/akeoplus.com\/fr\/wp-json\/wp\/v2\/pages\/3181\/revisions\/4536"}],"wp:attachment":[{"href":"https:\/\/akeoplus.com\/fr\/wp-json\/wp\/v2\/media?parent=3181"}],"curies":[{"name":"wp","href":"https:\/\/api.w.org\/{rel}","templated":true}]}}