{"id":3410,"date":"2023-04-05T10:34:45","date_gmt":"2023-04-05T08:34:45","guid":{"rendered":"https:\/\/akeoplus.com\/?page_id=3410"},"modified":"2023-04-21T14:40:22","modified_gmt":"2023-04-21T12:40:22","slug":"turnkey-solutions","status":"publish","type":"page","link":"https:\/\/akeoplus.com\/fr\/turnkey-solutions\/","title":{"rendered":"Turnkey solution V2 int rob"},"content":{"rendered":"<div data-elementor-type=\"wp-page\" data-elementor-id=\"3410\" class=\"elementor elementor-3410\">\n\t\t\t\t\t\t\t\t\t<section class=\"elementor-section elementor-top-section elementor-element elementor-element-7a887053 elementor-section-content-middle elementor-section-full_width elementor-section-height-default elementor-section-height-default\" data-id=\"7a887053\" data-element_type=\"section\">\n\t\t\t\t\t\t\t<div class=\"elementor-background-overlay\"><\/div>\n\t\t\t\t\t\t\t<div class=\"elementor-container elementor-column-gap-no\">\n\t\t\t\t\t<div class=\"elementor-column elementor-col-100 elementor-top-column elementor-element elementor-element-6655523\" data-id=\"6655523\" data-element_type=\"column\">\n\t\t\t<div class=\"elementor-widget-wrap elementor-element-populated\">\n\t\t\t\t\t\t\t\t<div class=\"elementor-element elementor-element-78148b0 elementor-widget elementor-widget-heading\" data-id=\"78148b0\" data-element_type=\"widget\" data-widget_type=\"heading.default\">\n\t\t\t\t<div class=\"elementor-widget-container\">\n\t\t\t<style>\/*! elementor - v3.6.7 - 03-07-2022 *\/\n.elementor-heading-title{padding:0;margin:0;line-height:1}.elementor-widget-heading .elementor-heading-title[class*=elementor-size-]>a{color:inherit;font-size:inherit;line-height:inherit}.elementor-widget-heading .elementor-heading-title.elementor-size-small{font-size:15px}.elementor-widget-heading .elementor-heading-title.elementor-size-medium{font-size:19px}.elementor-widget-heading .elementor-heading-title.elementor-size-large{font-size:29px}.elementor-widget-heading .elementor-heading-title.elementor-size-xl{font-size:39px}.elementor-widget-heading .elementor-heading-title.elementor-size-xxl{font-size:59px}<\/style><h1 class=\"elementor-heading-title elementor-size-default\">Solutions cl\u00e9s en main<\/h1>\t\t<\/div>\n\t\t\t\t<\/div>\n\t\t\t\t<div class=\"elementor-element elementor-element-1566b3ed elementor-widget elementor-widget-text-editor\" data-id=\"1566b3ed\" data-element_type=\"widget\" data-widget_type=\"text-editor.default\">\n\t\t\t\t<div class=\"elementor-widget-container\">\n\t\t\t<style>\/*! elementor - v3.6.7 - 03-07-2022 *\/\n.elementor-widget-text-editor.elementor-drop-cap-view-stacked .elementor-drop-cap{background-color:#818a91;color:#fff}.elementor-widget-text-editor.elementor-drop-cap-view-framed .elementor-drop-cap{color:#818a91;border:3px solid;background-color:transparent}.elementor-widget-text-editor:not(.elementor-drop-cap-view-default) .elementor-drop-cap{margin-top:8px}.elementor-widget-text-editor:not(.elementor-drop-cap-view-default) .elementor-drop-cap-letter{width:1em;height:1em}.elementor-widget-text-editor .elementor-drop-cap{float:left;text-align:center;line-height:1;font-size:50px}.elementor-widget-text-editor .elementor-drop-cap-letter{display:inline-block}<\/style>\t\t\t\t<h3 style=\"font-style: normal;\">Nous proposons une gamme de solutions cl\u00e9s en main \u00e9prouv\u00e9es, qui permet aux clients industriels de vivre une exp\u00e9rience robotique r\u00e9ussie.<\/h3>\t\t\t\t\t\t<\/div>\n\t\t\t\t<\/div>\n\t\t\t\t\t<\/div>\n\t\t<\/div>\n\t\t\t\t\t\t\t<\/div>\n\t\t<\/section>\n\t\t\t\t<section class=\"elementor-section elementor-top-section elementor-element elementor-element-3817d13 elementor-section-content-middle elementor-section-full_width elementor-section-height-default elementor-section-height-default\" data-id=\"3817d13\" data-element_type=\"section\" id=\"no-code-programming\" data-settings=\"{&quot;background_background&quot;:&quot;classic&quot;}\">\n\t\t\t\t\t\t<div class=\"elementor-container elementor-column-gap-no\">\n\t\t\t\t\t<div class=\"elementor-column elementor-col-50 elementor-top-column elementor-element elementor-element-0dc31b9\" data-id=\"0dc31b9\" data-element_type=\"column\">\n\t\t\t<div class=\"elementor-widget-wrap elementor-element-populated\">\n\t\t\t\t\t\t\t\t<section class=\"elementor-section elementor-inner-section elementor-element elementor-element-b6170f8 elementor-section-boxed elementor-section-height-default elementor-section-height-default\" data-id=\"b6170f8\" data-element_type=\"section\">\n\t\t\t\t\t\t<div class=\"elementor-container elementor-column-gap-default\">\n\t\t\t\t\t<div class=\"elementor-column elementor-col-33 elementor-inner-column elementor-element elementor-element-1fb2974\" data-id=\"1fb2974\" data-element_type=\"column\">\n\t\t\t<div class=\"elementor-widget-wrap elementor-element-populated\">\n\t\t\t\t\t\t\t\t<div class=\"elementor-element elementor-element-ef4d837 elementor-widget elementor-widget-image\" data-id=\"ef4d837\" data-element_type=\"widget\" data-widget_type=\"image.default\">\n\t\t\t\t<div class=\"elementor-widget-container\">\n\t\t\t<style>\/*! elementor - v3.6.7 - 03-07-2022 *\/\n.elementor-widget-image{text-align:center}.elementor-widget-image a{display:inline-block}.elementor-widget-image a img[src$=\".svg\"]{width:48px}.elementor-widget-image img{vertical-align:middle;display:inline-block}<\/style>\t\t\t\t\t\t\t\t\t\t\t\t\t<a href=\"https:\/\/akeoplus.com\/fr\/bin-picking\/\">\n\t\t\t\t\t\t\t<img loading=\"lazy\" decoding=\"async\" width=\"297\" height=\"657\" src=\"https:\/\/akeoplus.com\/wp-content\/uploads\/2023\/04\/Bin-picking-FR.png\" class=\"attachment-large size-large\" alt=\"Bin picking\" srcset=\"https:\/\/akeoplus.com\/wp-content\/uploads\/2023\/04\/Bin-picking-FR.png 297w, https:\/\/akeoplus.com\/wp-content\/uploads\/2023\/04\/Bin-picking-FR-136x300.png 136w, https:\/\/akeoplus.com\/wp-content\/uploads\/2023\/04\/Bin-picking-FR-5x12.png 5w\" sizes=\"auto, (max-width: 297px) 100vw, 297px\" \/>\t\t\t\t\t\t\t\t<\/a>\n\t\t\t\t\t\t\t\t\t\t\t\t\t\t\t<\/div>\n\t\t\t\t<\/div>\n\t\t\t\t\t<\/div>\n\t\t<\/div>\n\t\t\t\t<div class=\"elementor-column elementor-col-33 elementor-inner-column elementor-element elementor-element-917f3a7\" data-id=\"917f3a7\" data-element_type=\"column\">\n\t\t\t<div class=\"elementor-widget-wrap elementor-element-populated\">\n\t\t\t\t\t\t\t\t<div class=\"elementor-element elementor-element-f6a8a63 elementor-widget elementor-widget-image\" data-id=\"f6a8a63\" data-element_type=\"widget\" data-widget_type=\"image.default\">\n\t\t\t\t<div class=\"elementor-widget-container\">\n\t\t\t\t\t\t\t\t\t\t\t\t\t\t\t\t<a href=\"https:\/\/akeoplus.com\/fr\/fluid-dispensing\/\">\n\t\t\t\t\t\t\t<img loading=\"lazy\" decoding=\"async\" width=\"297\" height=\"657\" src=\"https:\/\/akeoplus.com\/wp-content\/uploads\/2023\/04\/Fluid-dispensing-FR.png\" class=\"attachment-large size-large\" alt=\"\" srcset=\"https:\/\/akeoplus.com\/wp-content\/uploads\/2023\/04\/Fluid-dispensing-FR.png 297w, https:\/\/akeoplus.com\/wp-content\/uploads\/2023\/04\/Fluid-dispensing-FR-136x300.png 136w, https:\/\/akeoplus.com\/wp-content\/uploads\/2023\/04\/Fluid-dispensing-FR-5x12.png 5w\" sizes=\"auto, (max-width: 297px) 100vw, 297px\" \/>\t\t\t\t\t\t\t\t<\/a>\n\t\t\t\t\t\t\t\t\t\t\t\t\t\t\t<\/div>\n\t\t\t\t<\/div>\n\t\t\t\t\t<\/div>\n\t\t<\/div>\n\t\t\t\t<div class=\"elementor-column elementor-col-33 elementor-inner-column elementor-element elementor-element-16fa7b3\" data-id=\"16fa7b3\" data-element_type=\"column\">\n\t\t\t<div class=\"elementor-widget-wrap elementor-element-populated\">\n\t\t\t\t\t\t\t\t<div class=\"elementor-element elementor-element-aba6ccf elementor-widget elementor-widget-image\" data-id=\"aba6ccf\" data-element_type=\"widget\" data-widget_type=\"image.default\">\n\t\t\t\t<div class=\"elementor-widget-container\">\n\t\t\t\t\t\t\t\t\t\t\t\t\t\t\t\t<a href=\"https:\/\/akeoplus.com\/fr\/quality-control\/\">\n\t\t\t\t\t\t\t<img loading=\"lazy\" decoding=\"async\" width=\"297\" height=\"657\" src=\"https:\/\/akeoplus.com\/wp-content\/uploads\/2023\/04\/Quality-control-FR.png\" class=\"attachment-large size-large\" alt=\"\" srcset=\"https:\/\/akeoplus.com\/wp-content\/uploads\/2023\/04\/Quality-control-FR.png 297w, https:\/\/akeoplus.com\/wp-content\/uploads\/2023\/04\/Quality-control-FR-136x300.png 136w, https:\/\/akeoplus.com\/wp-content\/uploads\/2023\/04\/Quality-control-FR-5x12.png 5w\" sizes=\"auto, (max-width: 297px) 100vw, 297px\" \/>\t\t\t\t\t\t\t\t<\/a>\n\t\t\t\t\t\t\t\t\t\t\t\t\t\t\t<\/div>\n\t\t\t\t<\/div>\n\t\t\t\t\t<\/div>\n\t\t<\/div>\n\t\t\t\t\t\t\t<\/div>\n\t\t<\/section>\n\t\t\t\t\t<\/div>\n\t\t<\/div>\n\t\t\t\t<div class=\"elementor-column elementor-col-50 elementor-top-column elementor-element elementor-element-25685a3\" data-id=\"25685a3\" data-element_type=\"column\">\n\t\t\t<div class=\"elementor-widget-wrap elementor-element-populated\">\n\t\t\t\t\t\t\t\t<section class=\"elementor-section elementor-inner-section elementor-element elementor-element-65201ef elementor-section-boxed elementor-section-height-default elementor-section-height-default\" data-id=\"65201ef\" data-element_type=\"section\">\n\t\t\t\t\t\t<div class=\"elementor-container elementor-column-gap-default\">\n\t\t\t\t\t<div class=\"elementor-column elementor-col-33 elementor-inner-column elementor-element elementor-element-59b4747\" data-id=\"59b4747\" data-element_type=\"column\">\n\t\t\t<div class=\"elementor-widget-wrap elementor-element-populated\">\n\t\t\t\t\t\t\t\t<div class=\"elementor-element elementor-element-365445b elementor-widget elementor-widget-image\" data-id=\"365445b\" data-element_type=\"widget\" data-widget_type=\"image.default\">\n\t\t\t\t<div class=\"elementor-widget-container\">\n\t\t\t\t\t\t\t\t\t\t\t\t\t\t\t\t<a href=\"https:\/\/akeoplus.com\/fr\/pick-place\/\">\n\t\t\t\t\t\t\t<img loading=\"lazy\" decoding=\"async\" width=\"297\" height=\"657\" src=\"https:\/\/akeoplus.com\/wp-content\/uploads\/2023\/04\/Pick-And-Place-FR.png\" class=\"attachment-large size-large\" alt=\"\" srcset=\"https:\/\/akeoplus.com\/wp-content\/uploads\/2023\/04\/Pick-And-Place-FR.png 297w, https:\/\/akeoplus.com\/wp-content\/uploads\/2023\/04\/Pick-And-Place-FR-136x300.png 136w, https:\/\/akeoplus.com\/wp-content\/uploads\/2023\/04\/Pick-And-Place-FR-5x12.png 5w\" sizes=\"auto, (max-width: 297px) 100vw, 297px\" \/>\t\t\t\t\t\t\t\t<\/a>\n\t\t\t\t\t\t\t\t\t\t\t\t\t\t\t<\/div>\n\t\t\t\t<\/div>\n\t\t\t\t\t<\/div>\n\t\t<\/div>\n\t\t\t\t<div class=\"elementor-column elementor-col-33 elementor-inner-column elementor-element elementor-element-3b04910\" data-id=\"3b04910\" data-element_type=\"column\">\n\t\t\t<div class=\"elementor-widget-wrap elementor-element-populated\">\n\t\t\t\t\t\t\t\t<div class=\"elementor-element elementor-element-8f99bd6 elementor-widget elementor-widget-image\" data-id=\"8f99bd6\" data-element_type=\"widget\" data-widget_type=\"image.default\">\n\t\t\t\t<div class=\"elementor-widget-container\">\n\t\t\t\t\t\t\t\t\t\t\t\t\t\t\t\t<a href=\"https:\/\/akeoplus.com\/fr\/robotic-marking\/\">\n\t\t\t\t\t\t\t<img loading=\"lazy\" decoding=\"async\" width=\"297\" height=\"657\" src=\"https:\/\/akeoplus.com\/wp-content\/uploads\/2023\/04\/Marking-FR.png\" class=\"attachment-large size-large\" alt=\"\" srcset=\"https:\/\/akeoplus.com\/wp-content\/uploads\/2023\/04\/Marking-FR.png 297w, https:\/\/akeoplus.com\/wp-content\/uploads\/2023\/04\/Marking-FR-136x300.png 136w, https:\/\/akeoplus.com\/wp-content\/uploads\/2023\/04\/Marking-FR-5x12.png 5w\" sizes=\"auto, (max-width: 297px) 100vw, 297px\" \/>\t\t\t\t\t\t\t\t<\/a>\n\t\t\t\t\t\t\t\t\t\t\t\t\t\t\t<\/div>\n\t\t\t\t<\/div>\n\t\t\t\t\t<\/div>\n\t\t<\/div>\n\t\t\t\t<div class=\"elementor-column elementor-col-33 elementor-inner-column elementor-element elementor-element-e4210db\" data-id=\"e4210db\" data-element_type=\"column\">\n\t\t\t<div class=\"elementor-widget-wrap elementor-element-populated\">\n\t\t\t\t\t\t\t\t<div class=\"elementor-element elementor-element-3928ca7 elementor-widget elementor-widget-image\" data-id=\"3928ca7\" data-element_type=\"widget\" data-widget_type=\"image.default\">\n\t\t\t\t<div class=\"elementor-widget-container\">\n\t\t\t\t\t\t\t\t\t\t\t\t\t\t\t\t<a href=\"https:\/\/akeoplus.com\/fr\/robotic-screwing\/\">\n\t\t\t\t\t\t\t<img loading=\"lazy\" decoding=\"async\" width=\"297\" height=\"657\" src=\"https:\/\/akeoplus.com\/wp-content\/uploads\/2023\/04\/Screwing-FR.png\" class=\"attachment-large size-large\" alt=\"\" srcset=\"https:\/\/akeoplus.com\/wp-content\/uploads\/2023\/04\/Screwing-FR.png 297w, https:\/\/akeoplus.com\/wp-content\/uploads\/2023\/04\/Screwing-FR-136x300.png 136w, https:\/\/akeoplus.com\/wp-content\/uploads\/2023\/04\/Screwing-FR-5x12.png 5w\" sizes=\"auto, (max-width: 297px) 100vw, 297px\" \/>\t\t\t\t\t\t\t\t<\/a>\n\t\t\t\t\t\t\t\t\t\t\t\t\t\t\t<\/div>\n\t\t\t\t<\/div>\n\t\t\t\t\t<\/div>\n\t\t<\/div>\n\t\t\t\t\t\t\t<\/div>\n\t\t<\/section>\n\t\t\t\t\t<\/div>\n\t\t<\/div>\n\t\t\t\t\t\t\t<\/div>\n\t\t<\/section>\n\t\t\t\t<section class=\"elementor-section elementor-top-section elementor-element elementor-element-d5f1566 elementor-section-boxed elementor-section-height-default elementor-section-height-default\" data-id=\"d5f1566\" data-element_type=\"section\">\n\t\t\t\t\t\t<div class=\"elementor-container elementor-column-gap-default\">\n\t\t\t\t\t<div class=\"elementor-column elementor-col-50 elementor-top-column elementor-element elementor-element-a5c9684\" data-id=\"a5c9684\" data-element_type=\"column\">\n\t\t\t<div class=\"elementor-widget-wrap elementor-element-populated\">\n\t\t\t\t\t\t\t\t<div class=\"elementor-element elementor-element-d4e2bf4 elementor-align-right elementor-mobile-align-center elementor-widget elementor-widget-button\" data-id=\"d4e2bf4\" data-element_type=\"widget\" data-widget_type=\"button.default\">\n\t\t\t\t<div class=\"elementor-widget-container\">\n\t\t\t\t\t<div class=\"elementor-button-wrapper\">\n\t\t\t<a href=\"https:\/\/akeoplus.com\/fr\/contact\/\" class=\"elementor-button-link elementor-button elementor-size-xl\" role=\"button\">\n\t\t\t\t\t\t<span class=\"elementor-button-content-wrapper\">\n\t\t\t\t\t\t<span class=\"elementor-button-text\">Contact<\/span>\n\t\t<\/span>\n\t\t\t\t\t<\/a>\n\t\t<\/div>\n\t\t\t\t<\/div>\n\t\t\t\t<\/div>\n\t\t\t\t\t<\/div>\n\t\t<\/div>\n\t\t\t\t<div class=\"elementor-column elementor-col-50 elementor-top-column elementor-element elementor-element-066a78e\" data-id=\"066a78e\" data-element_type=\"column\">\n\t\t\t<div class=\"elementor-widget-wrap elementor-element-populated\">\n\t\t\t\t\t\t\t\t<div class=\"elementor-element elementor-element-7d69375 elementor-mobile-align-center elementor-widget elementor-widget-button\" data-id=\"7d69375\" data-element_type=\"widget\" data-widget_type=\"button.default\">\n\t\t\t\t<div class=\"elementor-widget-container\">\n\t\t\t\t\t<div class=\"elementor-button-wrapper\">\n\t\t\t<a href=\"https:\/\/akeoplus.com\/fr\/success-stories\/\" class=\"elementor-button-link elementor-button elementor-size-xl\" role=\"button\">\n\t\t\t\t\t\t<span class=\"elementor-button-content-wrapper\">\n\t\t\t\t\t\t<span class=\"elementor-button-text\">Cas d&#039;utilisation<\/span>\n\t\t<\/span>\n\t\t\t\t\t<\/a>\n\t\t<\/div>\n\t\t\t\t<\/div>\n\t\t\t\t<\/div>\n\t\t\t\t\t<\/div>\n\t\t<\/div>\n\t\t\t\t\t\t\t<\/div>\n\t\t<\/section>\n\t\t\t\t\t\t\t<\/div>","protected":false},"excerpt":{"rendered":"<p>Turnkey solutions We offer a range of proven turnkey solutions, providing a hassle-free experience for industrial customers Contact Use Cases<\/p>","protected":false},"author":1,"featured_media":0,"parent":0,"menu_order":0,"comment_status":"closed","ping_status":"closed","template":"","meta":{"site-sidebar-layout":"default","site-content-layout":"default","ast-global-header-display":"","ast-main-header-display":"","ast-hfb-above-header-display":"","ast-hfb-below-header-display":"","ast-hfb-mobile-header-display":"","site-post-title":"disabled","ast-breadcrumbs-content":"","ast-featured-img":"","footer-sml-layout":"","theme-transparent-header-meta":"","adv-header-id-meta":"","stick-header-meta":"","header-above-stick-meta":"","header-main-stick-meta":"","header-below-stick-meta":"","footnotes":""},"class_list":["post-3410","page","type-page","status-publish","hentry"],"yoast_head":"<!-- This site is optimized with the Yoast SEO plugin v27.5 - https:\/\/yoast.com\/product\/yoast-seo-wordpress\/ -->\n<title>AKEOPLUS - Turnkey robotic solutions<\/title>\n<meta name=\"description\" content=\"Let&#039;s discover AKEOPLUS turnkey robotic solutions: bin picking, fluid dispensing, quality control, pick &amp; place, screwing, marking\" \/>\n<meta name=\"robots\" content=\"index, follow, max-snippet:-1, max-image-preview:large, max-video-preview:-1\" \/>\n<link rel=\"canonical\" href=\"https:\/\/akeoplus.com\/fr\/turnkey-solutions\/\" \/>\n<meta property=\"og:locale\" content=\"fr_FR\" \/>\n<meta property=\"og:type\" content=\"article\" \/>\n<meta property=\"og:title\" content=\"AKEOPLUS - Turnkey robotic solutions\" \/>\n<meta property=\"og:description\" content=\"Let&#039;s discover AKEOPLUS turnkey robotic solutions: bin picking, fluid dispensing, quality control, pick &amp; place, screwing, marking\" \/>\n<meta property=\"og:url\" content=\"https:\/\/akeoplus.com\/fr\/turnkey-solutions\/\" \/>\n<meta property=\"og:site_name\" content=\"AKEOPLUS\" \/>\n<meta property=\"article:modified_time\" content=\"2023-04-21T12:40:22+00:00\" \/>\n<meta property=\"og:image\" content=\"https:\/\/akeoplus.com\/wp-content\/uploads\/2023\/03\/Bin-picking.png\" \/>\n<meta name=\"twitter:card\" content=\"summary_large_image\" \/>\n<meta name=\"twitter:site\" content=\"@akeoplus\" \/>\n<meta name=\"twitter:label1\" content=\"Dur\u00e9e de lecture estim\u00e9e\" \/>\n\t<meta name=\"twitter:data1\" content=\"2 minutes\" \/>\n<script type=\"application\/ld+json\" class=\"yoast-schema-graph\">{\"@context\":\"https:\\\/\\\/schema.org\",\"@graph\":[{\"@type\":\"WebPage\",\"@id\":\"https:\\\/\\\/akeoplus.com\\\/turnkey-solutions\\\/\",\"url\":\"https:\\\/\\\/akeoplus.com\\\/turnkey-solutions\\\/\",\"name\":\"AKEOPLUS - Turnkey robotic solutions\",\"isPartOf\":{\"@id\":\"https:\\\/\\\/akeoplus.com\\\/#website\"},\"primaryImageOfPage\":{\"@id\":\"https:\\\/\\\/akeoplus.com\\\/turnkey-solutions\\\/#primaryimage\"},\"image\":{\"@id\":\"https:\\\/\\\/akeoplus.com\\\/turnkey-solutions\\\/#primaryimage\"},\"thumbnailUrl\":\"https:\\\/\\\/akeoplus.com\\\/wp-content\\\/uploads\\\/2023\\\/03\\\/Bin-picking.png\",\"datePublished\":\"2023-04-05T08:34:45+00:00\",\"dateModified\":\"2023-04-21T12:40:22+00:00\",\"description\":\"Let's discover AKEOPLUS turnkey robotic solutions: bin picking, fluid dispensing, quality control, pick & place, screwing, marking\",\"breadcrumb\":{\"@id\":\"https:\\\/\\\/akeoplus.com\\\/turnkey-solutions\\\/#breadcrumb\"},\"inLanguage\":\"fr-FR\",\"potentialAction\":[{\"@type\":\"ReadAction\",\"target\":[\"https:\\\/\\\/akeoplus.com\\\/turnkey-solutions\\\/\"]}]},{\"@type\":\"ImageObject\",\"inLanguage\":\"fr-FR\",\"@id\":\"https:\\\/\\\/akeoplus.com\\\/turnkey-solutions\\\/#primaryimage\",\"url\":\"https:\\\/\\\/akeoplus.com\\\/wp-content\\\/uploads\\\/2023\\\/03\\\/Bin-picking.png\",\"contentUrl\":\"https:\\\/\\\/akeoplus.com\\\/wp-content\\\/uploads\\\/2023\\\/03\\\/Bin-picking.png\"},{\"@type\":\"BreadcrumbList\",\"@id\":\"https:\\\/\\\/akeoplus.com\\\/turnkey-solutions\\\/#breadcrumb\",\"itemListElement\":[{\"@type\":\"ListItem\",\"position\":1,\"name\":\"Accueil\",\"item\":\"https:\\\/\\\/akeoplus.com\\\/\"},{\"@type\":\"ListItem\",\"position\":2,\"name\":\"Turnkey solution V2 int rob\"}]},{\"@type\":\"WebSite\",\"@id\":\"https:\\\/\\\/akeoplus.com\\\/#website\",\"url\":\"https:\\\/\\\/akeoplus.com\\\/\",\"name\":\"AKEOPLUS\",\"description\":\"Robotics and Innovation : studies, engineering and prototyping\",\"publisher\":{\"@id\":\"https:\\\/\\\/akeoplus.com\\\/#organization\"},\"potentialAction\":[{\"@type\":\"SearchAction\",\"target\":{\"@type\":\"EntryPoint\",\"urlTemplate\":\"https:\\\/\\\/akeoplus.com\\\/?s={search_term_string}\"},\"query-input\":{\"@type\":\"PropertyValueSpecification\",\"valueRequired\":true,\"valueName\":\"search_term_string\"}}],\"inLanguage\":\"fr-FR\"},{\"@type\":\"Organization\",\"@id\":\"https:\\\/\\\/akeoplus.com\\\/#organization\",\"name\":\"AKEOPLUS\",\"url\":\"https:\\\/\\\/akeoplus.com\\\/\",\"logo\":{\"@type\":\"ImageObject\",\"inLanguage\":\"fr-FR\",\"@id\":\"https:\\\/\\\/akeoplus.com\\\/#\\\/schema\\\/logo\\\/image\\\/\",\"url\":\"https:\\\/\\\/akeoplus.com\\\/wp-content\\\/uploads\\\/2022\\\/07\\\/cropped-logo.png\",\"contentUrl\":\"https:\\\/\\\/akeoplus.com\\\/wp-content\\\/uploads\\\/2022\\\/07\\\/cropped-logo.png\",\"width\":984,\"height\":328,\"caption\":\"AKEOPLUS\"},\"image\":{\"@id\":\"https:\\\/\\\/akeoplus.com\\\/#\\\/schema\\\/logo\\\/image\\\/\"},\"sameAs\":[\"https:\\\/\\\/x.com\\\/akeoplus\",\"https:\\\/\\\/www.linkedin.com\\\/company\\\/akeoplus\\\/?originalSubdomain=fr\",\"https:\\\/\\\/www.youtube.com\\\/user\\\/akeoplus\\\/videos\"]}]}<\/script>\n<!-- \/ Yoast SEO plugin. -->","yoast_head_json":{"title":"AKEOPLUS - Turnkey robotic solutions","description":"Let's discover AKEOPLUS turnkey robotic solutions: bin picking, fluid dispensing, quality control, pick & place, screwing, marking","robots":{"index":"index","follow":"follow","max-snippet":"max-snippet:-1","max-image-preview":"max-image-preview:large","max-video-preview":"max-video-preview:-1"},"canonical":"https:\/\/akeoplus.com\/fr\/turnkey-solutions\/","og_locale":"fr_FR","og_type":"article","og_title":"AKEOPLUS - Turnkey robotic solutions","og_description":"Let's discover AKEOPLUS turnkey robotic solutions: bin picking, fluid dispensing, quality control, pick & place, screwing, marking","og_url":"https:\/\/akeoplus.com\/fr\/turnkey-solutions\/","og_site_name":"AKEOPLUS","article_modified_time":"2023-04-21T12:40:22+00:00","og_image":[{"url":"https:\/\/akeoplus.com\/wp-content\/uploads\/2023\/03\/Bin-picking.png","type":"","width":"","height":""}],"twitter_card":"summary_large_image","twitter_site":"@akeoplus","twitter_misc":{"Dur\u00e9e de lecture estim\u00e9e":"2 minutes"},"schema":{"@context":"https:\/\/schema.org","@graph":[{"@type":"WebPage","@id":"https:\/\/akeoplus.com\/turnkey-solutions\/","url":"https:\/\/akeoplus.com\/turnkey-solutions\/","name":"AKEOPLUS - Turnkey robotic solutions","isPartOf":{"@id":"https:\/\/akeoplus.com\/#website"},"primaryImageOfPage":{"@id":"https:\/\/akeoplus.com\/turnkey-solutions\/#primaryimage"},"image":{"@id":"https:\/\/akeoplus.com\/turnkey-solutions\/#primaryimage"},"thumbnailUrl":"https:\/\/akeoplus.com\/wp-content\/uploads\/2023\/03\/Bin-picking.png","datePublished":"2023-04-05T08:34:45+00:00","dateModified":"2023-04-21T12:40:22+00:00","description":"Let's discover AKEOPLUS turnkey robotic solutions: bin picking, fluid dispensing, quality control, pick & place, screwing, marking","breadcrumb":{"@id":"https:\/\/akeoplus.com\/turnkey-solutions\/#breadcrumb"},"inLanguage":"fr-FR","potentialAction":[{"@type":"ReadAction","target":["https:\/\/akeoplus.com\/turnkey-solutions\/"]}]},{"@type":"ImageObject","inLanguage":"fr-FR","@id":"https:\/\/akeoplus.com\/turnkey-solutions\/#primaryimage","url":"https:\/\/akeoplus.com\/wp-content\/uploads\/2023\/03\/Bin-picking.png","contentUrl":"https:\/\/akeoplus.com\/wp-content\/uploads\/2023\/03\/Bin-picking.png"},{"@type":"BreadcrumbList","@id":"https:\/\/akeoplus.com\/turnkey-solutions\/#breadcrumb","itemListElement":[{"@type":"ListItem","position":1,"name":"Accueil","item":"https:\/\/akeoplus.com\/"},{"@type":"ListItem","position":2,"name":"Turnkey solution V2 int rob"}]},{"@type":"WebSite","@id":"https:\/\/akeoplus.com\/#website","url":"https:\/\/akeoplus.com\/","name":"AKEOPLUS","description":"Robotics and Innovation : studies, engineering and prototyping","publisher":{"@id":"https:\/\/akeoplus.com\/#organization"},"potentialAction":[{"@type":"SearchAction","target":{"@type":"EntryPoint","urlTemplate":"https:\/\/akeoplus.com\/?s={search_term_string}"},"query-input":{"@type":"PropertyValueSpecification","valueRequired":true,"valueName":"search_term_string"}}],"inLanguage":"fr-FR"},{"@type":"Organization","@id":"https:\/\/akeoplus.com\/#organization","name":"AKEOPLUS","url":"https:\/\/akeoplus.com\/","logo":{"@type":"ImageObject","inLanguage":"fr-FR","@id":"https:\/\/akeoplus.com\/#\/schema\/logo\/image\/","url":"https:\/\/akeoplus.com\/wp-content\/uploads\/2022\/07\/cropped-logo.png","contentUrl":"https:\/\/akeoplus.com\/wp-content\/uploads\/2022\/07\/cropped-logo.png","width":984,"height":328,"caption":"AKEOPLUS"},"image":{"@id":"https:\/\/akeoplus.com\/#\/schema\/logo\/image\/"},"sameAs":["https:\/\/x.com\/akeoplus","https:\/\/www.linkedin.com\/company\/akeoplus\/?originalSubdomain=fr","https:\/\/www.youtube.com\/user\/akeoplus\/videos"]}]}},"_links":{"self":[{"href":"https:\/\/akeoplus.com\/fr\/wp-json\/wp\/v2\/pages\/3410","targetHints":{"allow":["GET"]}}],"collection":[{"href":"https:\/\/akeoplus.com\/fr\/wp-json\/wp\/v2\/pages"}],"about":[{"href":"https:\/\/akeoplus.com\/fr\/wp-json\/wp\/v2\/types\/page"}],"author":[{"embeddable":true,"href":"https:\/\/akeoplus.com\/fr\/wp-json\/wp\/v2\/users\/1"}],"replies":[{"embeddable":true,"href":"https:\/\/akeoplus.com\/fr\/wp-json\/wp\/v2\/comments?post=3410"}],"version-history":[{"count":29,"href":"https:\/\/akeoplus.com\/fr\/wp-json\/wp\/v2\/pages\/3410\/revisions"}],"predecessor-version":[{"id":3752,"href":"https:\/\/akeoplus.com\/fr\/wp-json\/wp\/v2\/pages\/3410\/revisions\/3752"}],"wp:attachment":[{"href":"https:\/\/akeoplus.com\/fr\/wp-json\/wp\/v2\/media?parent=3410"}],"curies":[{"name":"wp","href":"https:\/\/api.w.org\/{rel}","templated":true}]}}