{"id":4663,"date":"2026-04-30T12:05:08","date_gmt":"2026-04-30T10:05:08","guid":{"rendered":"https:\/\/akeoplus.com\/?page_id=4663"},"modified":"2026-04-30T12:24:26","modified_gmt":"2026-04-30T10:24:26","slug":"cookie-policy","status":"publish","type":"page","link":"https:\/\/akeoplus.com\/fr\/cookie-policy\/","title":{"rendered":"Politique de Cookies"},"content":{"rendered":"<div data-elementor-type=\"wp-page\" data-elementor-id=\"4663\" class=\"elementor elementor-4663\">\n\t\t\t\t\t\t\t\t\t<section class=\"elementor-section elementor-top-section elementor-element elementor-element-31e13ad elementor-section-boxed elementor-section-height-default elementor-section-height-default\" data-id=\"31e13ad\" data-element_type=\"section\">\n\t\t\t\t\t\t<div class=\"elementor-container elementor-column-gap-default\">\n\t\t\t\t\t<div class=\"elementor-column elementor-col-100 elementor-top-column elementor-element elementor-element-18db2d4\" data-id=\"18db2d4\" data-element_type=\"column\">\n\t\t\t<div class=\"elementor-widget-wrap elementor-element-populated\">\n\t\t\t\t\t\t\t\t<div class=\"elementor-element elementor-element-65a9fc9 elementor-widget elementor-widget-heading\" data-id=\"65a9fc9\" data-element_type=\"widget\" data-widget_type=\"heading.default\">\n\t\t\t\t<div class=\"elementor-widget-container\">\n\t\t\t<style>\/*! elementor - v3.6.7 - 03-07-2022 *\/\n.elementor-heading-title{padding:0;margin:0;line-height:1}.elementor-widget-heading .elementor-heading-title[class*=elementor-size-]>a{color:inherit;font-size:inherit;line-height:inherit}.elementor-widget-heading .elementor-heading-title.elementor-size-small{font-size:15px}.elementor-widget-heading .elementor-heading-title.elementor-size-medium{font-size:19px}.elementor-widget-heading .elementor-heading-title.elementor-size-large{font-size:29px}.elementor-widget-heading .elementor-heading-title.elementor-size-xl{font-size:39px}.elementor-widget-heading .elementor-heading-title.elementor-size-xxl{font-size:59px}<\/style><h2 class=\"elementor-heading-title elementor-size-default\">POLITIQUE COOKIES<\/h2>\t\t<\/div>\n\t\t\t\t<\/div>\n\t\t\t\t\t<\/div>\n\t\t<\/div>\n\t\t\t\t\t\t\t<\/div>\n\t\t<\/section>\n\t\t\t\t<section class=\"elementor-section elementor-top-section elementor-element elementor-element-18f531a elementor-section-boxed elementor-section-height-default elementor-section-height-default\" data-id=\"18f531a\" data-element_type=\"section\">\n\t\t\t\t\t\t<div class=\"elementor-container elementor-column-gap-default\">\n\t\t\t\t\t<div class=\"elementor-column elementor-col-100 elementor-top-column elementor-element elementor-element-08c8d2d\" data-id=\"08c8d2d\" data-element_type=\"column\">\n\t\t\t<div class=\"elementor-widget-wrap elementor-element-populated\">\n\t\t\t\t\t\t\t\t<div class=\"elementor-element elementor-element-af56ebf elementor-widget elementor-widget-text-editor\" data-id=\"af56ebf\" data-element_type=\"widget\" data-widget_type=\"text-editor.default\">\n\t\t\t\t<div class=\"elementor-widget-container\">\n\t\t\t<style>\/*! elementor - v3.6.7 - 03-07-2022 *\/\n.elementor-widget-text-editor.elementor-drop-cap-view-stacked .elementor-drop-cap{background-color:#818a91;color:#fff}.elementor-widget-text-editor.elementor-drop-cap-view-framed .elementor-drop-cap{color:#818a91;border:3px solid;background-color:transparent}.elementor-widget-text-editor:not(.elementor-drop-cap-view-default) .elementor-drop-cap{margin-top:8px}.elementor-widget-text-editor:not(.elementor-drop-cap-view-default) .elementor-drop-cap-letter{width:1em;height:1em}.elementor-widget-text-editor .elementor-drop-cap{float:left;text-align:center;line-height:1;font-size:50px}.elementor-widget-text-editor .elementor-drop-cap-letter{display:inline-block}<\/style>\t\t\t\t<div><strong>1 - QU\u2019EST-CE QU\u2019UN COOKIE ?<\/strong><\/div><p><br \/><span style=\"font-size: 16px;\">Le Site est susceptible d\u2019utiliser des cookies en fonction des pr\u00e9f\u00e9rences que vous aurez \u00e9mises en vous connectant au Site pour la premi\u00e8re fois ou \u00e0 tout moment par la suite.<\/span><\/p><div><p>Un \u00ab cookie \u00bb ou traceur est un fichier \u00e9lectronique d\u00e9pos\u00e9 sur un terminal (ordinateur, tablette, smartphone, etc.) et lu par exemple lors de la consultation d\u2019un site internet, de la lecture d\u2019un courrier \u00e9lectronique, de l\u2019installation ou de l\u2019utilisation d\u2019un logiciel ou d\u2019une application mobile et ce, quel que soit le type de terminal utilis\u00e9 (source : https:\/\/www.cnil.fr\/fr\/cookies-traceurs-que-dit-la-loi).<\/p><p>En navigant sur le Site, des fichiers \u00ab cookies \u00bb \u00e9manant de la soci\u00e9t\u00e9 responsable du site concern\u00e9 et\/ou des soci\u00e9t\u00e9s tiers pourront \u00eatre d\u00e9pos\u00e9s sur votre terminal.<\/p><\/div>\t\t\t\t\t\t<\/div>\n\t\t\t\t<\/div>\n\t\t\t\t\t<\/div>\n\t\t<\/div>\n\t\t\t\t\t\t\t<\/div>\n\t\t<\/section>\n\t\t\t\t<section class=\"elementor-section elementor-top-section elementor-element elementor-element-698e891 elementor-section-boxed elementor-section-height-default elementor-section-height-default\" data-id=\"698e891\" data-element_type=\"section\">\n\t\t\t\t\t\t<div class=\"elementor-container elementor-column-gap-default\">\n\t\t\t\t\t<div class=\"elementor-column elementor-col-100 elementor-top-column elementor-element elementor-element-6413131\" data-id=\"6413131\" data-element_type=\"column\">\n\t\t\t<div class=\"elementor-widget-wrap elementor-element-populated\">\n\t\t\t\t\t\t\t\t<div class=\"elementor-element elementor-element-08ab4de elementor-widget elementor-widget-text-editor\" data-id=\"08ab4de\" data-element_type=\"widget\" data-widget_type=\"text-editor.default\">\n\t\t\t\t<div class=\"elementor-widget-container\">\n\t\t\t\t\t\t\t<p><strong>2 - UTILISATION DES COOKIES SUR LE SITE INTERNET :<\/strong><\/p><p><em>2.1 Cookies techniques :<\/em><\/p><p><span style=\"font-size: 16px;\">Des cookies sont indispensables afin de permettre de naviguer sur le Site et d\u2019en utiliser toutes les fonctionnalit\u00e9s. Ce sont des cookies techniques <\/span><strong style=\"font-size: 16px;\">strictement n\u00e9cessaire<\/strong><span style=\"font-size: 16px;\"> au bon fonctionnement du site internet. \nIls ne n\u00e9cessitent pas votre consentement.<\/span><\/p><div><p>Ils <strong>ne n\u00e9cessitent pas votre consentement.<\/strong>.<\/p><p><style>\na {<br \/>\n    text-decoration: none;<br \/>\n    color: #464feb;<br \/>\n}<br \/>\ntr th, tr td {<br \/>\n    border: 1px solid #e6e6e6;<br \/>\n}<br \/>\ntr th {<br \/>\n    background-color: #f5f5f5;<br \/>\n}<br \/>\n<\/style><\/p><div><table><tbody><tr><th>Nom du cookie<\/th><th>Finalit\u00e9<\/th><th>Dur\u00e9e de conservation<\/th><\/tr><tr><td><code>axeptio_all_vendors<\/code><\/td><td>G\u00e9rer, stocker et prouver le consentement de l\u2019utilisateur au d\u00e9p\u00f4t de cookies, conform\u00e9ment au RGPD.<\/td><td>6 mois<\/td><\/tr><tr><td><code>axeptio_authorized_vendors<\/code><\/td><td>G\u00e9rer, stocker et prouver le consentement de l\u2019utilisateur au d\u00e9p\u00f4t de cookies, conform\u00e9ment au RGPD.<\/td><td>6 mois<\/td><\/tr><tr><td><code>axeptio_cookies<\/code><\/td><td>G\u00e9rer, stocker et prouver le consentement de l\u2019utilisateur au d\u00e9p\u00f4t de cookies, conform\u00e9ment au RGPD.<\/td><td>6 mois<\/td><\/tr><\/tbody><\/table><\/div><\/div>\t\t\t\t\t\t<\/div>\n\t\t\t\t<\/div>\n\t\t\t\t\t<\/div>\n\t\t<\/div>\n\t\t\t\t\t\t\t<\/div>\n\t\t<\/section>\n\t\t\t\t<section class=\"elementor-section elementor-top-section elementor-element elementor-element-b9633bd elementor-section-boxed elementor-section-height-default elementor-section-height-default\" data-id=\"b9633bd\" data-element_type=\"section\">\n\t\t\t\t\t\t<div class=\"elementor-container elementor-column-gap-default\">\n\t\t\t\t\t<div class=\"elementor-column elementor-col-100 elementor-top-column elementor-element elementor-element-159e3bb\" data-id=\"159e3bb\" data-element_type=\"column\">\n\t\t\t<div class=\"elementor-widget-wrap elementor-element-populated\">\n\t\t\t\t\t\t\t\t<div class=\"elementor-element elementor-element-d952c4f elementor-widget elementor-widget-text-editor\" data-id=\"d952c4f\" data-element_type=\"widget\" data-widget_type=\"text-editor.default\">\n\t\t\t\t<div class=\"elementor-widget-container\">\n\t\t\t\t\t\t\t<div><em>2.2 Cookies de mesures d\u2019audience :\u00a0<\/em><\/div><p><style>\na {\n    text-decoration: none;\n    color: #464feb;\n}\ntr th, tr td {\n    border: 1px solid #e6e6e6;\n}\ntr th {\n    background-color: #f5f5f5;\n}\n<\/style><\/p><div>De plus, le site utilise \u00e9galement <strong>Matomo<\/strong> afin de suivre la performance du site et optimiser votre exp\u00e9rience en ligne. Ces cookies collectent des informations sur les modalit\u00e9s d\u2019utilisation du Site par les Utilisateurs afin de recueillir des informations telles que la fr\u00e9quence des visites des utilisateurs sur le site, les pages consult\u00e9es, et les autres pages visit\u00e9es avant de se rendre sur le site. Les informations que nous obtenons par le biais de MATOMO sont utilis\u00e9es <strong>dans le seul but d\u2019am\u00e9liorer le Site et les services propos\u00e9s<\/strong>.<\/div><div><style>\na {\n    text-decoration: none;\n    color: #464feb;\n}\ntr th, tr td {\n    border: 1px solid #e6e6e6;\n}\ntr th {\n    background-color: #f5f5f5;\n}\n<\/style><div><table><tbody><tr><th>Nom du cookie<\/th><th>Finalit\u00e9<\/th><th>Dur\u00e9e de conservation<\/th><\/tr><tr><td><code>_pk_id.*<\/code><\/td><td>Mesure d\u2019audience Matomo<\/td><td>13 mois<\/td><\/tr><tr><td><code>_pk_ses.*<\/code><\/td><td>Audience measurement (session)<\/td><td>Session<\/td><\/tr><\/tbody><\/table><\/div><\/div>\t\t\t\t\t\t<\/div>\n\t\t\t\t<\/div>\n\t\t\t\t\t<\/div>\n\t\t<\/div>\n\t\t\t\t\t\t\t<\/div>\n\t\t<\/section>\n\t\t\t\t<section class=\"elementor-section elementor-top-section elementor-element elementor-element-b3baec6 elementor-section-boxed elementor-section-height-default elementor-section-height-default\" data-id=\"b3baec6\" data-element_type=\"section\">\n\t\t\t\t\t\t<div class=\"elementor-container elementor-column-gap-default\">\n\t\t\t\t\t<div class=\"elementor-column elementor-col-100 elementor-top-column elementor-element elementor-element-bd8fcf9\" data-id=\"bd8fcf9\" data-element_type=\"column\">\n\t\t\t<div class=\"elementor-widget-wrap elementor-element-populated\">\n\t\t\t\t\t\t\t\t<div class=\"elementor-element elementor-element-e466cc3 elementor-widget elementor-widget-text-editor\" data-id=\"e466cc3\" data-element_type=\"widget\" data-widget_type=\"text-editor.default\">\n\t\t\t\t<div class=\"elementor-widget-container\">\n\t\t\t\t\t\t\t<div>\n<div><strong>3 - COMMENT PARAMETRER LE DEPOT DES COOKIES ?<\/strong><\/div>\n<\/div>\n<p><style>\na {<br \/>\n    text-decoration: none;<br \/>\n    color: #464feb;<br \/>\n}<br \/>\ntr th, tr td {<br \/>\n    border: 1px solid #e6e6e6;<br \/>\n}<br \/>\ntr th {<br \/>\n    background-color: #f5f5f5;<br \/>\n}<br \/>\n<\/style>\n<\/p>\n<div>\n<p>Le consentement pr\u00e9alable de l\u2019Utilisateur est requis avant toute lecture ou tout d\u00e9p\u00f4t de cookies non strictement n\u00e9cessaires au bon fonctionnement du Site.<\/p>\n<p>Conform\u00e9ment aux recommandations de la CNIL, <strong>AKEOPLUS<\/strong> recueille le consentement de l\u2019Utilisateur au moyen d\u2019une plateforme accessible, lors de sa premi\u00e8re navigation sur le Site et \u00e0 tout moment gr\u00e2ce \u00e0 la fen\u00eatre pr\u00e9sente en permanence en bas \u00e0 gauche sur n\u2019importe quelle page de notre site. Vous avez la possibilit\u00e9 de modifier \u00e0 tout moment votre choix concernant les cookies en suivant ce pr\u00e9c\u00e9dent lien.<\/p>\n<p>Pour plus d\u2019informations sur l\u2019utilisation, la gestion et la suppression des traceurs, pour tout type de navigateur, nous vous invitons \u00e0 consulter le lien suivant :<br><span style=\"color: rgb(66, 66, 66); font-family: Aptos, &quot;Segoe Sans&quot;, &quot;Segoe UI&quot;, &quot;Segoe UI Web (West European)&quot;, -apple-system, BlinkMacSystemFont, Roboto, &quot;Helvetica Neue&quot;, sans-serif; font-size: 16px; white-space: pre-wrap; background-color: rgb(245, 245, 245);\">https:\/\/www.cnil.fr\/fr\/cookies-les-outils-pour-les-maitriser.<\/span><\/p>\n<\/div>\t\t\t\t\t\t<\/div>\n\t\t\t\t<\/div>\n\t\t\t\t\t<\/div>\n\t\t<\/div>\n\t\t\t\t\t\t\t<\/div>\n\t\t<\/section>\n\t\t\t\t\t\t\t<\/div>","protected":false},"excerpt":{"rendered":"<p>COOKIE POLICY 1 \u2013 WHAT IS A COOKIE? The Website may use cookies depending on the preferences you expressed when first connecting to the Website or at any time thereafter. A \u201ccookie\u201d or tracker is an electronic file placed on a device (computer, tablet, smartphone, etc.) and read, for example, when browsing a website, reading &hellip;<\/p>\n<p class=\"read-more\"> <a class=\"\" href=\"https:\/\/akeoplus.com\/fr\/cookie-policy\/\"> <span class=\"screen-reader-text\">Politique de Cookies<\/span> Lire la suite \u00bb<\/a><\/p>","protected":false},"author":1,"featured_media":0,"parent":0,"menu_order":0,"comment_status":"closed","ping_status":"closed","template":"","meta":{"site-sidebar-layout":"no-sidebar","site-content-layout":"default","ast-global-header-display":"","ast-main-header-display":"","ast-hfb-above-header-display":"","ast-hfb-below-header-display":"","ast-hfb-mobile-header-display":"","site-post-title":"disabled","ast-breadcrumbs-content":"","ast-featured-img":"","footer-sml-layout":"","theme-transparent-header-meta":"","adv-header-id-meta":"","stick-header-meta":"","header-above-stick-meta":"","header-main-stick-meta":"","header-below-stick-meta":"","footnotes":""},"class_list":["post-4663","page","type-page","status-publish","hentry"],"yoast_head":"<!-- This site is optimized with the Yoast SEO plugin v27.5 - https:\/\/yoast.com\/product\/yoast-seo-wordpress\/ -->\n<title>Cookie Policy - AKEOPLUS<\/title>\n<meta name=\"description\" content=\"Discover how AKEOPLUS uses cookies on its website, including technical and audience measurement cookies, and how you can manage your consent\" \/>\n<meta name=\"robots\" content=\"index, follow, max-snippet:-1, max-image-preview:large, max-video-preview:-1\" \/>\n<link rel=\"canonical\" href=\"https:\/\/akeoplus.com\/fr\/cookie-policy\/\" \/>\n<meta property=\"og:locale\" content=\"fr_FR\" \/>\n<meta property=\"og:type\" content=\"article\" \/>\n<meta property=\"og:title\" content=\"Cookie Policy - AKEOPLUS\" \/>\n<meta property=\"og:description\" content=\"Discover how AKEOPLUS uses cookies on its website, including technical and audience measurement cookies, and how you can manage your consent\" \/>\n<meta property=\"og:url\" content=\"https:\/\/akeoplus.com\/fr\/cookie-policy\/\" \/>\n<meta property=\"og:site_name\" content=\"AKEOPLUS\" \/>\n<meta property=\"article:modified_time\" content=\"2026-04-30T10:24:26+00:00\" \/>\n<meta name=\"twitter:card\" content=\"summary_large_image\" \/>\n<meta name=\"twitter:site\" content=\"@akeoplus\" \/>\n<meta name=\"twitter:label1\" content=\"Dur\u00e9e de lecture estim\u00e9e\" \/>\n\t<meta name=\"twitter:data1\" content=\"3 minutes\" \/>\n<script type=\"application\/ld+json\" class=\"yoast-schema-graph\">{\"@context\":\"https:\\\/\\\/schema.org\",\"@graph\":[{\"@type\":\"WebPage\",\"@id\":\"https:\\\/\\\/akeoplus.com\\\/cookie-policy\\\/\",\"url\":\"https:\\\/\\\/akeoplus.com\\\/cookie-policy\\\/\",\"name\":\"Cookie Policy - AKEOPLUS\",\"isPartOf\":{\"@id\":\"https:\\\/\\\/akeoplus.com\\\/#website\"},\"datePublished\":\"2026-04-30T10:05:08+00:00\",\"dateModified\":\"2026-04-30T10:24:26+00:00\",\"description\":\"Discover how AKEOPLUS uses cookies on its website, including technical and audience measurement cookies, and how you can manage your consent\",\"breadcrumb\":{\"@id\":\"https:\\\/\\\/akeoplus.com\\\/cookie-policy\\\/#breadcrumb\"},\"inLanguage\":\"fr-FR\",\"potentialAction\":[{\"@type\":\"ReadAction\",\"target\":[\"https:\\\/\\\/akeoplus.com\\\/cookie-policy\\\/\"]}]},{\"@type\":\"BreadcrumbList\",\"@id\":\"https:\\\/\\\/akeoplus.com\\\/cookie-policy\\\/#breadcrumb\",\"itemListElement\":[{\"@type\":\"ListItem\",\"position\":1,\"name\":\"Accueil\",\"item\":\"https:\\\/\\\/akeoplus.com\\\/\"},{\"@type\":\"ListItem\",\"position\":2,\"name\":\"Cookie Policy\"}]},{\"@type\":\"WebSite\",\"@id\":\"https:\\\/\\\/akeoplus.com\\\/#website\",\"url\":\"https:\\\/\\\/akeoplus.com\\\/\",\"name\":\"AKEOPLUS\",\"description\":\"Robotics and Innovation : studies, engineering and prototyping\",\"publisher\":{\"@id\":\"https:\\\/\\\/akeoplus.com\\\/#organization\"},\"potentialAction\":[{\"@type\":\"SearchAction\",\"target\":{\"@type\":\"EntryPoint\",\"urlTemplate\":\"https:\\\/\\\/akeoplus.com\\\/?s={search_term_string}\"},\"query-input\":{\"@type\":\"PropertyValueSpecification\",\"valueRequired\":true,\"valueName\":\"search_term_string\"}}],\"inLanguage\":\"fr-FR\"},{\"@type\":\"Organization\",\"@id\":\"https:\\\/\\\/akeoplus.com\\\/#organization\",\"name\":\"AKEOPLUS\",\"url\":\"https:\\\/\\\/akeoplus.com\\\/\",\"logo\":{\"@type\":\"ImageObject\",\"inLanguage\":\"fr-FR\",\"@id\":\"https:\\\/\\\/akeoplus.com\\\/#\\\/schema\\\/logo\\\/image\\\/\",\"url\":\"https:\\\/\\\/akeoplus.com\\\/wp-content\\\/uploads\\\/2022\\\/07\\\/cropped-logo.png\",\"contentUrl\":\"https:\\\/\\\/akeoplus.com\\\/wp-content\\\/uploads\\\/2022\\\/07\\\/cropped-logo.png\",\"width\":984,\"height\":328,\"caption\":\"AKEOPLUS\"},\"image\":{\"@id\":\"https:\\\/\\\/akeoplus.com\\\/#\\\/schema\\\/logo\\\/image\\\/\"},\"sameAs\":[\"https:\\\/\\\/x.com\\\/akeoplus\",\"https:\\\/\\\/www.linkedin.com\\\/company\\\/akeoplus\\\/?originalSubdomain=fr\",\"https:\\\/\\\/www.youtube.com\\\/user\\\/akeoplus\\\/videos\"]}]}<\/script>\n<!-- \/ Yoast SEO plugin. -->","yoast_head_json":{"title":"Cookie Policy - AKEOPLUS","description":"Discover how AKEOPLUS uses cookies on its website, including technical and audience measurement cookies, and how you can manage your consent","robots":{"index":"index","follow":"follow","max-snippet":"max-snippet:-1","max-image-preview":"max-image-preview:large","max-video-preview":"max-video-preview:-1"},"canonical":"https:\/\/akeoplus.com\/fr\/cookie-policy\/","og_locale":"fr_FR","og_type":"article","og_title":"Cookie Policy - AKEOPLUS","og_description":"Discover how AKEOPLUS uses cookies on its website, including technical and audience measurement cookies, and how you can manage your consent","og_url":"https:\/\/akeoplus.com\/fr\/cookie-policy\/","og_site_name":"AKEOPLUS","article_modified_time":"2026-04-30T10:24:26+00:00","twitter_card":"summary_large_image","twitter_site":"@akeoplus","twitter_misc":{"Dur\u00e9e de lecture estim\u00e9e":"3 minutes"},"schema":{"@context":"https:\/\/schema.org","@graph":[{"@type":"WebPage","@id":"https:\/\/akeoplus.com\/cookie-policy\/","url":"https:\/\/akeoplus.com\/cookie-policy\/","name":"Cookie Policy - AKEOPLUS","isPartOf":{"@id":"https:\/\/akeoplus.com\/#website"},"datePublished":"2026-04-30T10:05:08+00:00","dateModified":"2026-04-30T10:24:26+00:00","description":"Discover how AKEOPLUS uses cookies on its website, including technical and audience measurement cookies, and how you can manage your consent","breadcrumb":{"@id":"https:\/\/akeoplus.com\/cookie-policy\/#breadcrumb"},"inLanguage":"fr-FR","potentialAction":[{"@type":"ReadAction","target":["https:\/\/akeoplus.com\/cookie-policy\/"]}]},{"@type":"BreadcrumbList","@id":"https:\/\/akeoplus.com\/cookie-policy\/#breadcrumb","itemListElement":[{"@type":"ListItem","position":1,"name":"Accueil","item":"https:\/\/akeoplus.com\/"},{"@type":"ListItem","position":2,"name":"Cookie Policy"}]},{"@type":"WebSite","@id":"https:\/\/akeoplus.com\/#website","url":"https:\/\/akeoplus.com\/","name":"AKEOPLUS","description":"Robotics and Innovation : studies, engineering and prototyping","publisher":{"@id":"https:\/\/akeoplus.com\/#organization"},"potentialAction":[{"@type":"SearchAction","target":{"@type":"EntryPoint","urlTemplate":"https:\/\/akeoplus.com\/?s={search_term_string}"},"query-input":{"@type":"PropertyValueSpecification","valueRequired":true,"valueName":"search_term_string"}}],"inLanguage":"fr-FR"},{"@type":"Organization","@id":"https:\/\/akeoplus.com\/#organization","name":"AKEOPLUS","url":"https:\/\/akeoplus.com\/","logo":{"@type":"ImageObject","inLanguage":"fr-FR","@id":"https:\/\/akeoplus.com\/#\/schema\/logo\/image\/","url":"https:\/\/akeoplus.com\/wp-content\/uploads\/2022\/07\/cropped-logo.png","contentUrl":"https:\/\/akeoplus.com\/wp-content\/uploads\/2022\/07\/cropped-logo.png","width":984,"height":328,"caption":"AKEOPLUS"},"image":{"@id":"https:\/\/akeoplus.com\/#\/schema\/logo\/image\/"},"sameAs":["https:\/\/x.com\/akeoplus","https:\/\/www.linkedin.com\/company\/akeoplus\/?originalSubdomain=fr","https:\/\/www.youtube.com\/user\/akeoplus\/videos"]}]}},"_links":{"self":[{"href":"https:\/\/akeoplus.com\/fr\/wp-json\/wp\/v2\/pages\/4663","targetHints":{"allow":["GET"]}}],"collection":[{"href":"https:\/\/akeoplus.com\/fr\/wp-json\/wp\/v2\/pages"}],"about":[{"href":"https:\/\/akeoplus.com\/fr\/wp-json\/wp\/v2\/types\/page"}],"author":[{"embeddable":true,"href":"https:\/\/akeoplus.com\/fr\/wp-json\/wp\/v2\/users\/1"}],"replies":[{"embeddable":true,"href":"https:\/\/akeoplus.com\/fr\/wp-json\/wp\/v2\/comments?post=4663"}],"version-history":[{"count":9,"href":"https:\/\/akeoplus.com\/fr\/wp-json\/wp\/v2\/pages\/4663\/revisions"}],"predecessor-version":[{"id":4673,"href":"https:\/\/akeoplus.com\/fr\/wp-json\/wp\/v2\/pages\/4663\/revisions\/4673"}],"wp:attachment":[{"href":"https:\/\/akeoplus.com\/fr\/wp-json\/wp\/v2\/media?parent=4663"}],"curies":[{"name":"wp","href":"https:\/\/api.w.org\/{rel}","templated":true}]}}