{"id":491,"date":"2022-07-28T15:17:17","date_gmt":"2022-07-28T13:17:17","guid":{"rendered":"http:\/\/terros.io:9305\/?page_id=491"},"modified":"2025-11-24T11:50:28","modified_gmt":"2025-11-24T10:50:28","slug":"contact","status":"publish","type":"page","link":"https:\/\/akeoplus.com\/fr\/contact\/","title":{"rendered":"Contact"},"content":{"rendered":"<div data-elementor-type=\"wp-page\" data-elementor-id=\"491\" class=\"elementor elementor-491\">\n\t\t\t\t\t\t\t\t\t<section class=\"elementor-section elementor-top-section elementor-element elementor-element-0a4ffc4 elementor-section-boxed elementor-section-height-default elementor-section-height-default\" data-id=\"0a4ffc4\" data-element_type=\"section\">\n\t\t\t\t\t\t<div class=\"elementor-container elementor-column-gap-default\">\n\t\t\t\t\t<div class=\"elementor-column elementor-col-100 elementor-top-column elementor-element elementor-element-1b99a7d\" data-id=\"1b99a7d\" data-element_type=\"column\">\n\t\t\t<div class=\"elementor-widget-wrap elementor-element-populated\">\n\t\t\t\t\t\t\t\t<section class=\"elementor-section elementor-inner-section elementor-element elementor-element-e4f055e elementor-section-boxed elementor-section-height-default elementor-section-height-default\" data-id=\"e4f055e\" data-element_type=\"section\">\n\t\t\t\t\t\t<div class=\"elementor-container elementor-column-gap-default\">\n\t\t\t\t\t<div class=\"elementor-column elementor-col-100 elementor-inner-column elementor-element elementor-element-f61e241\" data-id=\"f61e241\" data-element_type=\"column\">\n\t\t\t<div class=\"elementor-widget-wrap elementor-element-populated\">\n\t\t\t\t\t\t\t\t<div class=\"elementor-element elementor-element-e104afb elementor-widget elementor-widget-heading\" data-id=\"e104afb\" data-element_type=\"widget\" data-widget_type=\"heading.default\">\n\t\t\t\t<div class=\"elementor-widget-container\">\n\t\t\t<style>\/*! elementor - v3.6.7 - 03-07-2022 *\/\n.elementor-heading-title{padding:0;margin:0;line-height:1}.elementor-widget-heading .elementor-heading-title[class*=elementor-size-]>a{color:inherit;font-size:inherit;line-height:inherit}.elementor-widget-heading .elementor-heading-title.elementor-size-small{font-size:15px}.elementor-widget-heading .elementor-heading-title.elementor-size-medium{font-size:19px}.elementor-widget-heading .elementor-heading-title.elementor-size-large{font-size:29px}.elementor-widget-heading .elementor-heading-title.elementor-size-xl{font-size:39px}.elementor-widget-heading .elementor-heading-title.elementor-size-xxl{font-size:59px}<\/style><h1 class=\"elementor-heading-title elementor-size-default\">NOUS CONTACTER<\/h1>\t\t<\/div>\n\t\t\t\t<\/div>\n\t\t\t\t<div class=\"elementor-element elementor-element-4782e50 elementor-widget elementor-widget-text-editor\" data-id=\"4782e50\" data-element_type=\"widget\" data-widget_type=\"text-editor.default\">\n\t\t\t\t<div class=\"elementor-widget-container\">\n\t\t\t<style>\/*! elementor - v3.6.7 - 03-07-2022 *\/\n.elementor-widget-text-editor.elementor-drop-cap-view-stacked .elementor-drop-cap{background-color:#818a91;color:#fff}.elementor-widget-text-editor.elementor-drop-cap-view-framed .elementor-drop-cap{color:#818a91;border:3px solid;background-color:transparent}.elementor-widget-text-editor:not(.elementor-drop-cap-view-default) .elementor-drop-cap{margin-top:8px}.elementor-widget-text-editor:not(.elementor-drop-cap-view-default) .elementor-drop-cap-letter{width:1em;height:1em}.elementor-widget-text-editor .elementor-drop-cap{float:left;text-align:center;line-height:1;font-size:50px}.elementor-widget-text-editor .elementor-drop-cap-letter{display:inline-block}<\/style>\t\t\t\t<p>Partagez avec nous vos projets, vos actualit\u00e9s et ambitions <img decoding=\"async\" class=\"emoji\" role=\"img\" draggable=\"false\" src=\"https:\/\/s.w.org\/images\/core\/emoji\/14.0.0\/svg\/1f44b.svg\" alt=\"\ud83d\udc4b\" \/><\/p>\t\t\t\t\t\t<\/div>\n\t\t\t\t<\/div>\n\t\t\t\t\t<\/div>\n\t\t<\/div>\n\t\t\t\t\t\t\t<\/div>\n\t\t<\/section>\n\t\t\t\t\t<\/div>\n\t\t<\/div>\n\t\t\t\t\t\t\t<\/div>\n\t\t<\/section>\n\t\t\t\t<section class=\"elementor-section elementor-top-section elementor-element elementor-element-b4b2df3 elementor-section-boxed elementor-section-height-default elementor-section-height-default\" data-id=\"b4b2df3\" data-element_type=\"section\">\n\t\t\t\t\t\t<div class=\"elementor-container elementor-column-gap-default\">\n\t\t\t\t\t<div class=\"elementor-column elementor-col-50 elementor-top-column elementor-element elementor-element-0c455c3\" data-id=\"0c455c3\" data-element_type=\"column\" data-settings=\"{&quot;background_background&quot;:&quot;classic&quot;}\">\n\t\t\t<div class=\"elementor-widget-wrap elementor-element-populated\">\n\t\t\t\t\t\t\t\t<section class=\"elementor-section elementor-inner-section elementor-element elementor-element-26fae58 elementor-section-boxed elementor-section-height-default elementor-section-height-default\" data-id=\"26fae58\" data-element_type=\"section\">\n\t\t\t\t\t\t<div class=\"elementor-container elementor-column-gap-default\">\n\t\t\t\t\t<div class=\"elementor-column elementor-col-100 elementor-inner-column elementor-element elementor-element-5289579\" data-id=\"5289579\" data-element_type=\"column\">\n\t\t\t<div class=\"elementor-widget-wrap elementor-element-populated\">\n\t\t\t\t\t\t\t\t<div class=\"elementor-element elementor-element-92615e1 elementor-widget elementor-widget-text-editor\" data-id=\"92615e1\" data-element_type=\"widget\" data-widget_type=\"text-editor.default\">\n\t\t\t\t<div class=\"elementor-widget-container\">\n\t\t\t\t\t\t\t<p>Pour d\u00e9poser votre CV, utilisez notre page <a href=\"https:\/\/www.welcometothejungle.com\/fr\/companies\/akeoplus\">Welcome to the Jungle.<\/a><\/p>\t\t\t\t\t\t<\/div>\n\t\t\t\t<\/div>\n\t\t\t\t\t<\/div>\n\t\t<\/div>\n\t\t\t\t\t\t\t<\/div>\n\t\t<\/section>\n\t\t\t\t<div class=\"elementor-element elementor-element-1eeb583 elementor-widget elementor-widget-shortcode\" data-id=\"1eeb583\" data-element_type=\"widget\" data-widget_type=\"shortcode.default\">\n\t\t\t\t<div class=\"elementor-widget-container\">\n\t\t\t\t\t<div class=\"elementor-shortcode\">\n                <form method=\"post\" action=\"#sellsy-message\" id=\"form_contact\" class=\"form_contact_1\" data-trp-original-action=\"#sellsy-message\">\n                        <input type=\"hidden\" id=\"_wpnonce_sellsy_contact_add\" name=\"_wpnonce_sellsy_contact_add\" value=\"3be6876770\" \/><input type=\"hidden\" name=\"_wp_http_referer\" value=\"\/fr\/wp-json\/wp\/v2\/pages\/491\" \/>\n                    <noscript>\n                        <input name=\"js_disabled\" type=\"hidden\" value=\"1\">\n                    <\/noscript>\n                    <input type=\"hidden\" name=\"contact_form_id\" value=\"1\">\n                        <label>Soci\u00e9t\u00e9 <\/label>\n                        <input type=\"text\" name=\"contact_form_company_name\" value=\"\" id=\"contact_form_company_name\">\n                        <label>Nom *<\/label>\n                        <input type=\"text\" name=\"contact_form_contact_lastname\" value=\"\" id=\"contact_form_contact_lastname\" required>\n                        <label>Pr\u00e9nom *<\/label>\n                        <input type=\"text\" name=\"contact_form_contact_firstname\" value=\"\" id=\"contact_form_contact_firstname\">\n                        <label>E-mail *<\/label>\n                        <input type=\"email\" name=\"contact_form_contact_email\" value=\"\" id=\"contact_form_contact_email\" required>\n                        <label>T\u00e9l\u00e9phone *<\/label>\n                        <input type=\"text\" name=\"contact_form_contact_phone_1\" value=\"\" id=\"contact_form_contact_phone_1\">\n                        <p class=\"contact_form_contact_phone_1_error sellsy-error-message sellsy-hidden\">\n                            Votre t\u00e9l\u00e9phone n&#039;est pas valide.\n                        <\/p>\n                        <label>Fonction *<\/label>\n                        <input type=\"text\" name=\"contact_form_contact_function\" value=\"\" id=\"contact_form_contact_function\">\n                        <label>Message <\/label>\n                        <textarea name=\"contact_form_note\" id=\"contact_form_note\"><\/textarea>\n            <label>Sujet <\/label>\n\n            <select name=\"form_cf[184309][select][value]\" class=\"\">\n                <option value=\"\">---- S\u00e9lectionnez une valeur ----<\/option>\n                <option value='Innovative project' selected>Projet innovant<\/option><option value='Integration project' >Projet d&#039;int\u00e9gration<\/option><option value='Products and services' >Produits et services<\/option><option value='Job application' >Demande d&#039;emploi<\/option><option value='Marketing \/ Communication' >Communication marketing<\/option><option value='Other' >Autre<\/option>\n            <\/select>\n\n            <input type=\"hidden\" name=\"form_cf[184309][select][name]\" value=\"Subject\">\n            <input type=\"hidden\" name=\"form_cf[184309][select][default]\" value=\"\">\n            <input type=\"hidden\" name=\"form_cf[184309][select][useOn_prospect]\" value=\"N\">\n            <input type=\"hidden\" name=\"form_cf[184309][select][useOn_opportunity]\" value=\"Y\">\n            <input type=\"hidden\" name=\"form_cf[184309][select][required]\" value=\"\">\n            \n                        <label>\n                            <input type=\"checkbox\" name=\"contact_form_condition_accept\" value=\"1\" id=\"contact_form_condition_accept\"  required>\n                            <span>En soumettant ce formulaire, j&#039;accepte que les informations saisies dans ce formulaire soient utilis\u00e9es pour me recontacter *\n                            <\/span>\n                        <\/label>\n                            <div class=\"g-recaptcha\" data-sitekey=\"6LexbpgqAAAAAEbfDdScFNxJB8oJgBag19I0zL-D\"><\/div>\n                    <a href=\"javascript:;\" id=\"sellsy_btn_contact\" class=\"btn\">Valider<\/a>\n                <input type=\"hidden\" name=\"trp-form-language\" value=\"fr\"\/><\/form><\/div>\n\t\t\t\t<\/div>\n\t\t\t\t<\/div>\n\t\t\t\t<section class=\"elementor-section elementor-inner-section elementor-element elementor-element-9398f0a elementor-section-boxed elementor-section-height-default elementor-section-height-default\" data-id=\"9398f0a\" data-element_type=\"section\">\n\t\t\t\t\t\t<div class=\"elementor-container elementor-column-gap-default\">\n\t\t\t\t\t<div class=\"elementor-column elementor-col-100 elementor-inner-column elementor-element elementor-element-7074b98\" data-id=\"7074b98\" data-element_type=\"column\">\n\t\t\t<div class=\"elementor-widget-wrap elementor-element-populated\">\n\t\t\t\t\t\t\t\t<div class=\"elementor-element elementor-element-328c26a elementor-widget elementor-widget-text-editor\" data-id=\"328c26a\" data-element_type=\"widget\" data-widget_type=\"text-editor.default\">\n\t\t\t\t<div class=\"elementor-widget-container\">\n\t\t\t\t\t\t\t<p>En remplissant ce formulaire, vous acceptez qu'AKEO PLUS collecte, de mani\u00e8re limit\u00e9e, certaines donn\u00e9es personnelles vous concernant. Les donn\u00e9es collect\u00e9es sont enregistr\u00e9es dans un fichier informatis\u00e9 et s\u00e9curis\u00e9 par AKEO PLUS afin de traiter vos demandes et g\u00e9rer les rendez-vous. Ces donn\u00e9es sont collect\u00e9es conform\u00e9ment \u00e0 notre \u00ab Politique de protection des donn\u00e9es \u00bb, dans le respect des dispositions du RGPD et de la \u00ab Loi Informatique et Libert\u00e9s \u00bb. Ces donn\u00e9es sont d\u00e9truites 3 ans apr\u00e8s le dernier \u00e9change et sont destin\u00e9es \u00e0 notre service de contact client. Pour consulter vos droits et les moyens, consultez <a href=\"https:\/\/www.cnil.fr\/fr\/les-droits-pour-maitriser-vos-donnees-personnelles\">le site de la CNIL.<\/a>.<\/p>\t\t\t\t\t\t<\/div>\n\t\t\t\t<\/div>\n\t\t\t\t\t<\/div>\n\t\t<\/div>\n\t\t\t\t\t\t\t<\/div>\n\t\t<\/section>\n\t\t\t\t\t<\/div>\n\t\t<\/div>\n\t\t\t\t<div class=\"elementor-column elementor-col-50 elementor-top-column elementor-element elementor-element-ac3a680\" data-id=\"ac3a680\" data-element_type=\"column\">\n\t\t\t<div class=\"elementor-widget-wrap elementor-element-populated\">\n\t\t\t\t\t\t\t\t<div class=\"elementor-element elementor-element-ea32400 elementor-widget elementor-widget-image\" data-id=\"ea32400\" data-element_type=\"widget\" data-widget_type=\"image.default\">\n\t\t\t\t<div class=\"elementor-widget-container\">\n\t\t\t<style>\/*! elementor - v3.6.7 - 03-07-2022 *\/\n.elementor-widget-image{text-align:center}.elementor-widget-image a{display:inline-block}.elementor-widget-image a img[src$=\".svg\"]{width:48px}.elementor-widget-image img{vertical-align:middle;display:inline-block}<\/style>\t\t\t\t\t\t\t\t\t\t\t\t<img loading=\"lazy\" decoding=\"async\" width=\"1024\" height=\"684\" src=\"https:\/\/akeoplus.com\/wp-content\/uploads\/2022\/08\/Contact-AKEOPLUS-1024x684.jpg\" class=\"attachment-large size-large\" alt=\"contact us akeoplus\" srcset=\"https:\/\/akeoplus.com\/wp-content\/uploads\/2022\/08\/Contact-AKEOPLUS-1024x684.jpg 1024w, https:\/\/akeoplus.com\/wp-content\/uploads\/2022\/08\/Contact-AKEOPLUS-768x513.jpg 768w\" sizes=\"auto, (max-width: 1024px) 100vw, 1024px\" \/>\t\t\t\t\t\t\t\t\t\t\t\t\t\t\t<\/div>\n\t\t\t\t<\/div>\n\t\t\t\t<div class=\"elementor-element elementor-element-c2bf57f elementor-widget elementor-widget-text-editor\" data-id=\"c2bf57f\" data-element_type=\"widget\" data-widget_type=\"text-editor.default\">\n\t\t\t\t<div class=\"elementor-widget-container\">\n\t\t\t\t\t\t\t<h3 style=\"text-align: center;\">AKEOPLUS SAS<\/h3><p style=\"text-align: center;\">769, Rue de l&#039;Outarde, 01500, Ch\u00e2teau-Gaillard, France<\/p><p style=\"text-align: center;\">+33 (0)4 74 35 60 72<\/p><p style=\"text-align: center;\"><a href=\"mailto:info@akeoplus.com\">info@akeoplus.com<\/a><\/p>\t\t\t\t\t\t<\/div>\n\t\t\t\t<\/div>\n\t\t\t\t\t<\/div>\n\t\t<\/div>\n\t\t\t\t\t\t\t<\/div>\n\t\t<\/section>\n\t\t\t\t<section class=\"elementor-section elementor-top-section elementor-element elementor-element-956edf4 elementor-section-boxed elementor-section-height-default elementor-section-height-default\" data-id=\"956edf4\" data-element_type=\"section\">\n\t\t\t\t\t\t<div class=\"elementor-container elementor-column-gap-default\">\n\t\t\t\t\t<div class=\"elementor-column elementor-col-100 elementor-top-column elementor-element elementor-element-b4183e9\" data-id=\"b4183e9\" data-element_type=\"column\">\n\t\t\t<div class=\"elementor-widget-wrap elementor-element-populated\">\n\t\t\t\t\t\t\t\t<div class=\"elementor-element elementor-element-f33e8b5 elementor-widget elementor-widget-heading\" data-id=\"f33e8b5\" data-element_type=\"widget\" data-widget_type=\"heading.default\">\n\t\t\t\t<div class=\"elementor-widget-container\">\n\t\t\t<h2 class=\"elementor-heading-title elementor-size-default\">+ 400 syst\u00e8mes AKEOPLUS en fonctionnement \u00e0 travers le monde<\/h2>\t\t<\/div>\n\t\t\t\t<\/div>\n\t\t\t\t\t<\/div>\n\t\t<\/div>\n\t\t\t\t\t\t\t<\/div>\n\t\t<\/section>\n\t\t\t\t<section class=\"elementor-section elementor-top-section elementor-element elementor-element-77b90f0 elementor-section-boxed elementor-section-height-default elementor-section-height-default\" data-id=\"77b90f0\" data-element_type=\"section\">\n\t\t\t\t\t\t<div class=\"elementor-container elementor-column-gap-default\">\n\t\t\t\t\t<div class=\"elementor-column elementor-col-100 elementor-top-column elementor-element elementor-element-e076f1d\" data-id=\"e076f1d\" data-element_type=\"column\">\n\t\t\t<div class=\"elementor-widget-wrap elementor-element-populated\">\n\t\t\t\t\t\t\t\t<div class=\"elementor-element elementor-element-4dc3591 elementor-widget elementor-widget-image\" data-id=\"4dc3591\" data-element_type=\"widget\" data-widget_type=\"image.default\">\n\t\t\t\t<div class=\"elementor-widget-container\">\n\t\t\t\t\t\t\t\t\t\t\t\t\t\t\t<img loading=\"lazy\" decoding=\"async\" width=\"768\" height=\"533\" src=\"https:\/\/akeoplus.com\/wp-content\/uploads\/2022\/08\/AKEOPLUS-in-the-world-with-red-dots-768x533.png\" class=\"attachment-medium_large size-medium_large\" alt=\"AKEOPLUS&#039; location and systems running worldwide\" srcset=\"https:\/\/akeoplus.com\/wp-content\/uploads\/2022\/08\/AKEOPLUS-in-the-world-with-red-dots-768x533.png 768w, https:\/\/akeoplus.com\/wp-content\/uploads\/2022\/08\/AKEOPLUS-in-the-world-with-red-dots-300x208.png 300w, https:\/\/akeoplus.com\/wp-content\/uploads\/2022\/08\/AKEOPLUS-in-the-world-with-red-dots.png 959w\" sizes=\"auto, (max-width: 768px) 100vw, 768px\" \/>\t\t\t\t\t\t\t\t\t\t\t\t\t\t\t<\/div>\n\t\t\t\t<\/div>\n\t\t\t\t\t<\/div>\n\t\t<\/div>\n\t\t\t\t\t\t\t<\/div>\n\t\t<\/section>\n\t\t\t\t\t\t\t<\/div>","protected":false},"excerpt":{"rendered":"<p>CONTACT US Share your projects, news, and ambitions with us To submit your CV, please use our Welcome to the Jungle page By filling in this form, you agree that AKEO PLUS may collect, on a limited basis, certain personal data about you. The data collected is recorded in a computerised and secure file by &hellip;<\/p>\n<p class=\"read-more\"> <a class=\"\" href=\"https:\/\/akeoplus.com\/fr\/contact\/\"> <span class=\"screen-reader-text\">Contact<\/span> Lire la suite \u00bb<\/a><\/p>","protected":false},"author":1,"featured_media":0,"parent":0,"menu_order":0,"comment_status":"closed","ping_status":"closed","template":"","meta":{"site-sidebar-layout":"no-sidebar","site-content-layout":"page-builder","ast-global-header-display":"","ast-main-header-display":"","ast-hfb-above-header-display":"","ast-hfb-below-header-display":"","ast-hfb-mobile-header-display":"","site-post-title":"disabled","ast-breadcrumbs-content":"","ast-featured-img":"disabled","footer-sml-layout":"","theme-transparent-header-meta":"","adv-header-id-meta":"","stick-header-meta":"","header-above-stick-meta":"","header-main-stick-meta":"","header-below-stick-meta":"","footnotes":""},"class_list":["post-491","page","type-page","status-publish","hentry"],"yoast_head":"<!-- This site is optimized with the Yoast SEO plugin v27.4 - https:\/\/yoast.com\/product\/yoast-seo-wordpress\/ -->\n<title>AKEOPLUS - Contact us !<\/title>\n<meta name=\"description\" content=\"Our entire team works to provide, for each subject, the best industrial solution to your needs. Feel free to contact us !\" \/>\n<meta name=\"robots\" content=\"index, follow, max-snippet:-1, max-image-preview:large, max-video-preview:-1\" \/>\n<link rel=\"canonical\" href=\"https:\/\/akeoplus.com\/fr\/contact\/\" \/>\n<meta property=\"og:locale\" content=\"fr_FR\" \/>\n<meta property=\"og:type\" content=\"article\" \/>\n<meta property=\"og:title\" content=\"AKEOPLUS - Contact us !\" \/>\n<meta property=\"og:description\" content=\"Our entire team works to provide, for each subject, the best industrial solution to your needs. Feel free to contact us !\" \/>\n<meta property=\"og:url\" content=\"https:\/\/akeoplus.com\/fr\/contact\/\" \/>\n<meta property=\"og:site_name\" content=\"AKEOPLUS\" \/>\n<meta property=\"article:modified_time\" content=\"2025-11-24T10:50:28+00:00\" \/>\n<meta property=\"og:image\" content=\"https:\/\/s.w.org\/images\/core\/emoji\/14.0.0\/svg\/1f44b.svg\" \/>\n<meta name=\"twitter:card\" content=\"summary_large_image\" \/>\n<meta name=\"twitter:site\" content=\"@akeoplus\" \/>\n<meta name=\"twitter:label1\" content=\"Dur\u00e9e de lecture estim\u00e9e\" \/>\n\t<meta name=\"twitter:data1\" content=\"2 minutes\" \/>\n<script type=\"application\/ld+json\" class=\"yoast-schema-graph\">{\"@context\":\"https:\\\/\\\/schema.org\",\"@graph\":[{\"@type\":\"WebPage\",\"@id\":\"https:\\\/\\\/akeoplus.com\\\/contact\\\/\",\"url\":\"https:\\\/\\\/akeoplus.com\\\/contact\\\/\",\"name\":\"AKEOPLUS - Contact us !\",\"isPartOf\":{\"@id\":\"https:\\\/\\\/akeoplus.com\\\/#website\"},\"primaryImageOfPage\":{\"@id\":\"https:\\\/\\\/akeoplus.com\\\/contact\\\/#primaryimage\"},\"image\":{\"@id\":\"https:\\\/\\\/akeoplus.com\\\/contact\\\/#primaryimage\"},\"thumbnailUrl\":\"https:\\\/\\\/s.w.org\\\/images\\\/core\\\/emoji\\\/14.0.0\\\/svg\\\/1f44b.svg\",\"datePublished\":\"2022-07-28T13:17:17+00:00\",\"dateModified\":\"2025-11-24T10:50:28+00:00\",\"description\":\"Our entire team works to provide, for each subject, the best industrial solution to your needs. Feel free to contact us !\",\"breadcrumb\":{\"@id\":\"https:\\\/\\\/akeoplus.com\\\/contact\\\/#breadcrumb\"},\"inLanguage\":\"fr-FR\",\"potentialAction\":[{\"@type\":\"ReadAction\",\"target\":[\"https:\\\/\\\/akeoplus.com\\\/contact\\\/\"]}]},{\"@type\":\"ImageObject\",\"inLanguage\":\"fr-FR\",\"@id\":\"https:\\\/\\\/akeoplus.com\\\/contact\\\/#primaryimage\",\"url\":\"https:\\\/\\\/s.w.org\\\/images\\\/core\\\/emoji\\\/14.0.0\\\/svg\\\/1f44b.svg\",\"contentUrl\":\"https:\\\/\\\/s.w.org\\\/images\\\/core\\\/emoji\\\/14.0.0\\\/svg\\\/1f44b.svg\"},{\"@type\":\"BreadcrumbList\",\"@id\":\"https:\\\/\\\/akeoplus.com\\\/contact\\\/#breadcrumb\",\"itemListElement\":[{\"@type\":\"ListItem\",\"position\":1,\"name\":\"Accueil\",\"item\":\"https:\\\/\\\/akeoplus.com\\\/\"},{\"@type\":\"ListItem\",\"position\":2,\"name\":\"Contact\"}]},{\"@type\":\"WebSite\",\"@id\":\"https:\\\/\\\/akeoplus.com\\\/#website\",\"url\":\"https:\\\/\\\/akeoplus.com\\\/\",\"name\":\"AKEOPLUS\",\"description\":\"Robotics and Innovation : studies, engineering and prototyping\",\"publisher\":{\"@id\":\"https:\\\/\\\/akeoplus.com\\\/#organization\"},\"potentialAction\":[{\"@type\":\"SearchAction\",\"target\":{\"@type\":\"EntryPoint\",\"urlTemplate\":\"https:\\\/\\\/akeoplus.com\\\/?s={search_term_string}\"},\"query-input\":{\"@type\":\"PropertyValueSpecification\",\"valueRequired\":true,\"valueName\":\"search_term_string\"}}],\"inLanguage\":\"fr-FR\"},{\"@type\":\"Organization\",\"@id\":\"https:\\\/\\\/akeoplus.com\\\/#organization\",\"name\":\"AKEOPLUS\",\"url\":\"https:\\\/\\\/akeoplus.com\\\/\",\"logo\":{\"@type\":\"ImageObject\",\"inLanguage\":\"fr-FR\",\"@id\":\"https:\\\/\\\/akeoplus.com\\\/#\\\/schema\\\/logo\\\/image\\\/\",\"url\":\"https:\\\/\\\/akeoplus.com\\\/wp-content\\\/uploads\\\/2022\\\/07\\\/cropped-logo.png\",\"contentUrl\":\"https:\\\/\\\/akeoplus.com\\\/wp-content\\\/uploads\\\/2022\\\/07\\\/cropped-logo.png\",\"width\":984,\"height\":328,\"caption\":\"AKEOPLUS\"},\"image\":{\"@id\":\"https:\\\/\\\/akeoplus.com\\\/#\\\/schema\\\/logo\\\/image\\\/\"},\"sameAs\":[\"https:\\\/\\\/x.com\\\/akeoplus\",\"https:\\\/\\\/www.linkedin.com\\\/company\\\/akeoplus\\\/?originalSubdomain=fr\",\"https:\\\/\\\/www.youtube.com\\\/user\\\/akeoplus\\\/videos\"]}]}<\/script>\n<!-- \/ Yoast SEO plugin. -->","yoast_head_json":{"title":"AKEOPLUS - Contact us !","description":"Our entire team works to provide, for each subject, the best industrial solution to your needs. Feel free to contact us !","robots":{"index":"index","follow":"follow","max-snippet":"max-snippet:-1","max-image-preview":"max-image-preview:large","max-video-preview":"max-video-preview:-1"},"canonical":"https:\/\/akeoplus.com\/fr\/contact\/","og_locale":"fr_FR","og_type":"article","og_title":"AKEOPLUS - Contact us !","og_description":"Our entire team works to provide, for each subject, the best industrial solution to your needs. Feel free to contact us !","og_url":"https:\/\/akeoplus.com\/fr\/contact\/","og_site_name":"AKEOPLUS","article_modified_time":"2025-11-24T10:50:28+00:00","og_image":[{"url":"https:\/\/s.w.org\/images\/core\/emoji\/14.0.0\/svg\/1f44b.svg","type":"","width":"","height":""}],"twitter_card":"summary_large_image","twitter_site":"@akeoplus","twitter_misc":{"Dur\u00e9e de lecture estim\u00e9e":"2 minutes"},"schema":{"@context":"https:\/\/schema.org","@graph":[{"@type":"WebPage","@id":"https:\/\/akeoplus.com\/contact\/","url":"https:\/\/akeoplus.com\/contact\/","name":"AKEOPLUS - Contact us !","isPartOf":{"@id":"https:\/\/akeoplus.com\/#website"},"primaryImageOfPage":{"@id":"https:\/\/akeoplus.com\/contact\/#primaryimage"},"image":{"@id":"https:\/\/akeoplus.com\/contact\/#primaryimage"},"thumbnailUrl":"https:\/\/s.w.org\/images\/core\/emoji\/14.0.0\/svg\/1f44b.svg","datePublished":"2022-07-28T13:17:17+00:00","dateModified":"2025-11-24T10:50:28+00:00","description":"Our entire team works to provide, for each subject, the best industrial solution to your needs. Feel free to contact us !","breadcrumb":{"@id":"https:\/\/akeoplus.com\/contact\/#breadcrumb"},"inLanguage":"fr-FR","potentialAction":[{"@type":"ReadAction","target":["https:\/\/akeoplus.com\/contact\/"]}]},{"@type":"ImageObject","inLanguage":"fr-FR","@id":"https:\/\/akeoplus.com\/contact\/#primaryimage","url":"https:\/\/s.w.org\/images\/core\/emoji\/14.0.0\/svg\/1f44b.svg","contentUrl":"https:\/\/s.w.org\/images\/core\/emoji\/14.0.0\/svg\/1f44b.svg"},{"@type":"BreadcrumbList","@id":"https:\/\/akeoplus.com\/contact\/#breadcrumb","itemListElement":[{"@type":"ListItem","position":1,"name":"Accueil","item":"https:\/\/akeoplus.com\/"},{"@type":"ListItem","position":2,"name":"Contact"}]},{"@type":"WebSite","@id":"https:\/\/akeoplus.com\/#website","url":"https:\/\/akeoplus.com\/","name":"AKEOPLUS","description":"Robotics and Innovation : studies, engineering and prototyping","publisher":{"@id":"https:\/\/akeoplus.com\/#organization"},"potentialAction":[{"@type":"SearchAction","target":{"@type":"EntryPoint","urlTemplate":"https:\/\/akeoplus.com\/?s={search_term_string}"},"query-input":{"@type":"PropertyValueSpecification","valueRequired":true,"valueName":"search_term_string"}}],"inLanguage":"fr-FR"},{"@type":"Organization","@id":"https:\/\/akeoplus.com\/#organization","name":"AKEOPLUS","url":"https:\/\/akeoplus.com\/","logo":{"@type":"ImageObject","inLanguage":"fr-FR","@id":"https:\/\/akeoplus.com\/#\/schema\/logo\/image\/","url":"https:\/\/akeoplus.com\/wp-content\/uploads\/2022\/07\/cropped-logo.png","contentUrl":"https:\/\/akeoplus.com\/wp-content\/uploads\/2022\/07\/cropped-logo.png","width":984,"height":328,"caption":"AKEOPLUS"},"image":{"@id":"https:\/\/akeoplus.com\/#\/schema\/logo\/image\/"},"sameAs":["https:\/\/x.com\/akeoplus","https:\/\/www.linkedin.com\/company\/akeoplus\/?originalSubdomain=fr","https:\/\/www.youtube.com\/user\/akeoplus\/videos"]}]}},"_links":{"self":[{"href":"https:\/\/akeoplus.com\/fr\/wp-json\/wp\/v2\/pages\/491","targetHints":{"allow":["GET"]}}],"collection":[{"href":"https:\/\/akeoplus.com\/fr\/wp-json\/wp\/v2\/pages"}],"about":[{"href":"https:\/\/akeoplus.com\/fr\/wp-json\/wp\/v2\/types\/page"}],"author":[{"embeddable":true,"href":"https:\/\/akeoplus.com\/fr\/wp-json\/wp\/v2\/users\/1"}],"replies":[{"embeddable":true,"href":"https:\/\/akeoplus.com\/fr\/wp-json\/wp\/v2\/comments?post=491"}],"version-history":[{"count":109,"href":"https:\/\/akeoplus.com\/fr\/wp-json\/wp\/v2\/pages\/491\/revisions"}],"predecessor-version":[{"id":4620,"href":"https:\/\/akeoplus.com\/fr\/wp-json\/wp\/v2\/pages\/491\/revisions\/4620"}],"wp:attachment":[{"href":"https:\/\/akeoplus.com\/fr\/wp-json\/wp\/v2\/media?parent=491"}],"curies":[{"name":"wp","href":"https:\/\/api.w.org\/{rel}","templated":true}]}}